{"id":1133,"date":"2025-08-22T22:02:06","date_gmt":"2025-08-22T22:02:06","guid":{"rendered":"https:\/\/africanet-security.com\/?page_id=1133"},"modified":"2025-08-22T22:03:20","modified_gmt":"2025-08-22T22:03:20","slug":"criacao-de-conta","status":"publish","type":"page","link":"https:\/\/africanet-security.com\/en\/criacao-de-conta\/","title":{"rendered":"Cria\u00e7\u00e3o de conta"},"content":{"rendered":"<div data-elementor-type=\"wp-page\" data-elementor-id=\"1133\" class=\"elementor elementor-1133\" data-elementor-post-type=\"page\">\n\t\t\t\t<div class=\"elementor-element elementor-element-bc484f8 e-flex e-con-boxed e-con e-parent\" data-id=\"bc484f8\" data-element_type=\"container\" data-e-type=\"container\">\n\t\t\t\t\t<div class=\"e-con-inner\">\n\t\t\t\t<div class=\"elementor-element elementor-element-2647012 elementor-widget elementor-widget-shortcode\" data-id=\"2647012\" data-element_type=\"widget\" data-e-type=\"widget\" data-widget_type=\"shortcode.default\">\n\t\t\t\t<div class=\"elementor-widget-container\">\n\t\t\t\t\t\t\t<div class=\"elementor-shortcode\">    <div class=\"cn-cadastro-container\">\n                <form id=\"cn-cadastro-form\" action=\"\" method=\"post\" data-trp-original-action=\"\">\n            <p class=\"cadastro-campo\">\n                <label for=\"cn_nome_completo\">Nome Completo<\/label>\n                <input type=\"text\" name=\"cn_nome_completo\" id=\"cn_nome_completo\" value=\"\" required>\n            <\/p>\n            <p class=\"cadastro-campo\">\n                <label for=\"cn_email\">Email<\/label>\n                <input type=\"email\" name=\"cn_email\" id=\"cn_email\" value=\"\" required>\n            <\/p>\n            <p class=\"cadastro-campo\">\n                <label for=\"cn_whatsapp\">WhatsApp (com DDD)<\/label>\n                <input type=\"tel\" name=\"cn_whatsapp\" id=\"cn_whatsapp\" value=\"\" required>\n            <\/p>\n            <p class=\"cadastro-campo-checkbox\">\n                <label for=\"cn_receber_notificacoes\">\n                    <input type=\"checkbox\" name=\"cn_receber_notificacoes\" id=\"cn_receber_notificacoes\" value=\"1\" checked>\n                    <span>Desejo receber notifica\u00e7\u00f5es sobre novas publica\u00e7\u00f5es por e-mail.<\/span>\n                <\/label>\n\t\t\t\t<a href=\"\/en\/acessar-conta\/\">Entrar<\/a>\n            <\/p>\n            <p>\n                <input type=\"hidden\" id=\"cn_cadastro_nonce_field\" name=\"cn_cadastro_nonce_field\" value=\"1bf9828e2f\" \/><input type=\"hidden\" name=\"_wp_http_referer\" value=\"\/en\/wp-json\/wp\/v2\/pages\/1133\" \/>                <button type=\"submit\" name=\"cn_submit_cadastro\">Criar Conta<\/button>\n            <\/p>\n        <input type=\"hidden\" name=\"trp-form-language\" value=\"en\"\/><\/form>\n            <\/div>\n    <\/div>\n\t\t\t\t\t\t<\/div>\n\t\t\t\t<\/div>\n\t\t\t\t\t<\/div>\n\t\t\t\t<\/div>\n\t\t\t\t<\/div>","protected":false},"excerpt":{"rendered":"","protected":false},"author":7,"featured_media":0,"parent":0,"menu_order":0,"comment_status":"closed","ping_status":"closed","template":"","meta":{"_acf_changed":false,"_uag_custom_page_level_css":"","site-sidebar-layout":"no-sidebar","site-content-layout":"","ast-site-content-layout":"full-width-container","site-content-style":"default","site-sidebar-style":"default","ast-global-header-display":"","ast-banner-title-visibility":"","ast-main-header-display":"","ast-hfb-above-header-display":"","ast-hfb-below-header-display":"","ast-hfb-mobile-header-display":"","site-post-title":"disabled","ast-breadcrumbs-content":"","ast-featured-img":"disabled","footer-sml-layout":"","theme-transparent-header-meta":"","adv-header-id-meta":"","stick-header-meta":"","header-above-stick-meta":"","header-main-stick-meta":"","header-below-stick-meta":"","astra-migrate-meta-layouts":"default","ast-page-background-enabled":"default","ast-page-background-meta":{"desktop":{"background-color":"var(--ast-global-color-5)","background-image":"","background-repeat":"repeat","background-position":"center center","background-size":"auto","background-attachment":"scroll","background-type":"","background-media":"","overlay-type":"","overlay-color":"","overlay-opacity":"","overlay-gradient":""},"tablet":{"background-color":"","background-image":"","background-repeat":"repeat","background-position":"center center","background-size":"auto","background-attachment":"scroll","background-type":"","background-media":"","overlay-type":"","overlay-color":"","overlay-opacity":"","overlay-gradient":""},"mobile":{"background-color":"","background-image":"","background-repeat":"repeat","background-position":"center center","background-size":"auto","background-attachment":"scroll","background-type":"","background-media":"","overlay-type":"","overlay-color":"","overlay-opacity":"","overlay-gradient":""}},"ast-content-background-meta":{"desktop":{"background-color":"var(--ast-global-color-4)","background-image":"","background-repeat":"repeat","background-position":"center center","background-size":"auto","background-attachment":"scroll","background-type":"","background-media":"","overlay-type":"","overlay-color":"","overlay-opacity":"","overlay-gradient":""},"tablet":{"background-color":"var(--ast-global-color-4)","background-image":"","background-repeat":"repeat","background-position":"center center","background-size":"auto","background-attachment":"scroll","background-type":"","background-media":"","overlay-type":"","overlay-color":"","overlay-opacity":"","overlay-gradient":""},"mobile":{"background-color":"var(--ast-global-color-4)","background-image":"","background-repeat":"repeat","background-position":"center center","background-size":"auto","background-attachment":"scroll","background-type":"","background-media":"","overlay-type":"","overlay-color":"","overlay-opacity":"","overlay-gradient":""}},"footnotes":""},"class_list":["post-1133","page","type-page","status-publish","hentry"],"acf":[],"uagb_featured_image_src":{"full":false,"thumbnail":false,"medium":false,"medium_large":false,"large":false,"1536x1536":false,"2048x2048":false,"trp-custom-language-flag":false,"tainacan-small":false,"tainacan-medium":false,"tainacan-medium-full":false,"tainacan-large-full":false},"uagb_author_info":{"display_name":"Cristielson Silva de Morais","author_link":"https:\/\/africanet-security.com\/en\/author\/desenvolvedor\/"},"uagb_comment_info":0,"uagb_excerpt":null,"_links":{"self":[{"href":"https:\/\/africanet-security.com\/en\/wp-json\/wp\/v2\/pages\/1133","targetHints":{"allow":["GET"]}}],"collection":[{"href":"https:\/\/africanet-security.com\/en\/wp-json\/wp\/v2\/pages"}],"about":[{"href":"https:\/\/africanet-security.com\/en\/wp-json\/wp\/v2\/types\/page"}],"author":[{"embeddable":true,"href":"https:\/\/africanet-security.com\/en\/wp-json\/wp\/v2\/users\/7"}],"replies":[{"embeddable":true,"href":"https:\/\/africanet-security.com\/en\/wp-json\/wp\/v2\/comments?post=1133"}],"version-history":[{"count":4,"href":"https:\/\/africanet-security.com\/en\/wp-json\/wp\/v2\/pages\/1133\/revisions"}],"predecessor-version":[{"id":1138,"href":"https:\/\/africanet-security.com\/en\/wp-json\/wp\/v2\/pages\/1133\/revisions\/1138"}],"wp:attachment":[{"href":"https:\/\/africanet-security.com\/en\/wp-json\/wp\/v2\/media?parent=1133"}],"curies":[{"name":"wp","href":"https:\/\/api.w.org\/{rel}","templated":true}]}}