{"id":1241,"date":"2025-09-05T14:36:11","date_gmt":"2025-09-05T14:36:11","guid":{"rendered":"https:\/\/africanet-security.com\/?page_id=1241"},"modified":"2025-09-09T14:26:18","modified_gmt":"2025-09-09T14:26:18","slug":"eventos","status":"publish","type":"page","link":"https:\/\/africanet-security.com\/en\/eventos\/","title":{"rendered":"Eventos"},"content":{"rendered":"<div data-elementor-type=\"wp-page\" data-elementor-id=\"1241\" class=\"elementor elementor-1241\" data-elementor-post-type=\"page\">\n\t\t\t\t<div class=\"elementor-element elementor-element-7d9ff07 e-flex e-con-boxed e-con e-parent\" data-id=\"7d9ff07\" data-element_type=\"container\" data-e-type=\"container\">\n\t\t\t\t\t<div class=\"e-con-inner\">\n\t\t\t\t<div class=\"elementor-element elementor-element-932688f elementor-widget elementor-widget-shortcode\" data-id=\"932688f\" data-element_type=\"widget\" data-e-type=\"widget\" data-widget_type=\"shortcode.default\">\n\t\t\t\t<div class=\"elementor-widget-container\">\n\t\t\t\t\t\t\t<div class=\"elementor-shortcode\">\n    <!-- Bot\u00f5es de Filtro - S\u00f3 aparece se houver par\u00e2metro type E filtros encontrados -->\n    \n\n    <!-- Formul\u00e1rio de Busca - SEMPRE vis\u00edvel -->\n    <div class=\"filtros-publicacoes-wrapper\">\n        <div class=\"filtro-header\">\n            <h3 class=\"filtro-titulo\">Refine Search<\/h3>\n        <\/div>\n\t\t    <div class=\"filtro-botoes-container\" style=\"margin-bottom: 30px;\">\n        <h3>Filter by:<\/h3>\n        <div class=\"filtro-botoes-grid\" style=\"display: flex; flex-wrap: wrap; gap: 10px; margin-top: 15px;\">\n            <!-- Bot\u00e3o \"Todos\" -->\n            <a href=\"?\" class=\"filtro-botao ativo\" \n               style=\"padding: 10px 20px; background: #f0f0f0; border: 1px solid #ddd; text-decoration: none; color: #333; border-radius: 5px; transition: all 0.3s ease;\">\n                All\n            <\/a>\n            \n            <!-- Bot\u00f5es dos filtros -->\n                        <a href=\"?filtro_botao=formacao\" \n               class=\"filtro-botao\" \n               style=\"padding: 10px 20px; background: #f0f0f0;                       border: 1px solid #ddd; text-decoration: none; color: #333;                       border-radius: 5px; transition: all 0.3s ease;\">\n                Forma\u00e7\u00e3o            <\/a>\n                        <a href=\"?filtro_botao=mesa-redonda\" \n               class=\"filtro-botao\" \n               style=\"padding: 10px 20px; background: #f0f0f0;                       border: 1px solid #ddd; text-decoration: none; color: #333;                       border-radius: 5px; transition: all 0.3s ease;\">\n                Mesa-Redonda            <\/a>\n                        <a href=\"?filtro_botao=minicurso\" \n               class=\"filtro-botao\" \n               style=\"padding: 10px 20px; background: #f0f0f0;                       border: 1px solid #ddd; text-decoration: none; color: #333;                       border-radius: 5px; transition: all 0.3s ease;\">\n                Minicurso            <\/a>\n                        <a href=\"?filtro_botao=painel\" \n               class=\"filtro-botao\" \n               style=\"padding: 10px 20px; background: #f0f0f0;                       border: 1px solid #ddd; text-decoration: none; color: #333;                       border-radius: 5px; transition: all 0.3s ease;\">\n                Painel            <\/a>\n                        <a href=\"?filtro_botao=seminario\" \n               class=\"filtro-botao\" \n               style=\"padding: 10px 20px; background: #f0f0f0;                       border: 1px solid #ddd; text-decoration: none; color: #333;                       border-radius: 5px; transition: all 0.3s ease;\">\n                Semin\u00e1rio            <\/a>\n                        <a href=\"?filtro_botao=workshop\" \n               class=\"filtro-botao\" \n               style=\"padding: 10px 20px; background: #f0f0f0;                       border: 1px solid #ddd; text-decoration: none; color: #333;                       border-radius: 5px; transition: all 0.3s ease;\">\n                Workshop            <\/a>\n                    <\/div>\n    <\/div>\n            <form role=\"search\" method=\"get\" class=\"filtros-publicacoes-form\" action=\"\" data-trp-original-action=\"\">\n            <div class=\"campo-filtro\">\n                <input type=\"text\" name=\"s_publicacao\" id=\"s_publicacao\" placeholder=\"Keyword...\" value=\"\">\n            <\/div>\n           \n            <div class=\"campo-filtro-submit\">\n                <button type=\"submit\" class=\"botao-filtrar\" aria-label=\"Filtrar publica\u00e7\u00f5es\">\n                    <svg xmlns=\"http:\/\/www.w3.org\/2000\/svg\" width=\"16\" height=\"16\" fill=\"currentColor\" viewbox=\"0 0 16 16\" class=\"icone-botao\">\n                      <path d=\"M11.742 10.344a6.5 6.5 0 1 0-1.397 1.398h-.001c.03.04.062.078.098.115l3.85 3.85a1 1 0 0 0 1.415-1.414l-3.85-3.85a1.007 1.007 0 0 0-.115-.1zM12 6.5a5.5 5.5 0 1 1-11 0 5.5 5.5 0 0 1 11 0z\"\/>\n                    <\/svg>\n                    <span>Search<\/span>\n                <\/button>\n            <\/div>\n        <input type=\"hidden\" name=\"trp-form-language\" value=\"en\"\/><\/form>\n    <\/div>\n\n    \n    <div class=\"lista-publicacoes-grid\">\n                                    <article id=\"post-2079\" class=\"item-publicacao-wrap post-2079 publicacao type-publicacao status-publish has-post-thumbnail hentry tipo_publicacao-evento\">\n                    <a href=\"https:\/\/africanet-security.com\/en\/publicacao\/ii-seminario-internacional-seguranca-e-defesa-na-africa\/\" class=\"item-publicacao-link\">\n                        <img fetchpriority=\"high\" decoding=\"async\" width=\"800\" height=\"800\" src=\"https:\/\/africanet-security.com\/wp-content\/uploads\/2026\/03\/Versao-final.png\" class=\"attachment-large size-large wp-post-image\" alt=\"\" srcset=\"https:\/\/africanet-security.com\/wp-content\/uploads\/2026\/03\/Versao-final.png 800w, https:\/\/africanet-security.com\/wp-content\/uploads\/2026\/03\/Versao-final-300x300.png 300w, https:\/\/africanet-security.com\/wp-content\/uploads\/2026\/03\/Versao-final-150x150.png 150w, https:\/\/africanet-security.com\/wp-content\/uploads\/2026\/03\/Versao-final-768x768.png 768w, https:\/\/africanet-security.com\/wp-content\/uploads\/2026\/03\/Versao-final-12x12.png 12w, https:\/\/africanet-security.com\/wp-content\/uploads\/2026\/03\/Versao-final-40x40.png 40w, https:\/\/africanet-security.com\/wp-content\/uploads\/2026\/03\/Versao-final-275x275.png 275w, https:\/\/africanet-security.com\/wp-content\/uploads\/2026\/03\/Versao-final-205x205.png 205w, https:\/\/africanet-security.com\/wp-content\/uploads\/2026\/03\/Versao-final-480x480.png 480w\" sizes=\"(max-width: 800px) 100vw, 800px\" \/>                        <div class=\"item-overlay\">\n                            <h2 class=\"item-titulo-overlay\">II Semin\u00e1rio Internacional Seguran\u00e7a e Defesa na \u00c1frica<\/h2>\n                        <\/div>\n                    <\/a>\n                <\/article>\n                            <article id=\"post-1788\" class=\"item-publicacao-wrap post-1788 publicacao type-publicacao status-publish has-post-thumbnail hentry tipo_publicacao-evento\">\n                    <a href=\"https:\/\/africanet-security.com\/en\/publicacao\/workshop-interno-de-pesquisa-2025-internal-research-workshop-2025-africanet-pro-defesa-v\/\" class=\"item-publicacao-link\">\n                        <img decoding=\"async\" width=\"1024\" height=\"1024\" src=\"https:\/\/africanet-security.com\/wp-content\/uploads\/2025\/11\/Workshop-Anual-AFRICANET-1024x1024.png\" class=\"attachment-large size-large wp-post-image\" alt=\"\" srcset=\"https:\/\/africanet-security.com\/wp-content\/uploads\/2025\/11\/Workshop-Anual-AFRICANET-1024x1024.png 1024w, https:\/\/africanet-security.com\/wp-content\/uploads\/2025\/11\/Workshop-Anual-AFRICANET-300x300.png 300w, https:\/\/africanet-security.com\/wp-content\/uploads\/2025\/11\/Workshop-Anual-AFRICANET-150x150.png 150w, https:\/\/africanet-security.com\/wp-content\/uploads\/2025\/11\/Workshop-Anual-AFRICANET-768x768.png 768w, https:\/\/africanet-security.com\/wp-content\/uploads\/2025\/11\/Workshop-Anual-AFRICANET-40x40.png 40w, https:\/\/africanet-security.com\/wp-content\/uploads\/2025\/11\/Workshop-Anual-AFRICANET-275x275.png 275w, https:\/\/africanet-security.com\/wp-content\/uploads\/2025\/11\/Workshop-Anual-AFRICANET-205x205.png 205w, https:\/\/africanet-security.com\/wp-content\/uploads\/2025\/11\/Workshop-Anual-AFRICANET-480x480.png 480w, https:\/\/africanet-security.com\/wp-content\/uploads\/2025\/11\/Workshop-Anual-AFRICANET.png 1080w\" sizes=\"(max-width: 1024px) 100vw, 1024px\" \/>                        <div class=\"item-overlay\">\n                            <h2 class=\"item-titulo-overlay\">Workshop Interno de Pesquisa 2025 (AFRICANET\/PRO-DEFESA V)<\/h2>\n                        <\/div>\n                    <\/a>\n                <\/article>\n                            <article id=\"post-1632\" class=\"item-publicacao-wrap post-1632 publicacao type-publicacao status-publish has-post-thumbnail hentry tipo_publicacao-evento\">\n                    <a href=\"https:\/\/africanet-security.com\/en\/publicacao\/painel-africa-dinamicas-internas-e-insercao-internacional-no-v-erabed-sul\/\" class=\"item-publicacao-link\">\n                        <img decoding=\"async\" width=\"1024\" height=\"188\" src=\"https:\/\/africanet-security.com\/wp-content\/uploads\/2025\/09\/Captura-de-tela-2025-09-29-0810243-1024x188.png\" class=\"attachment-large size-large wp-post-image\" alt=\"\" srcset=\"https:\/\/africanet-security.com\/wp-content\/uploads\/2025\/09\/Captura-de-tela-2025-09-29-0810243-1024x188.png 1024w, https:\/\/africanet-security.com\/wp-content\/uploads\/2025\/09\/Captura-de-tela-2025-09-29-0810243-300x55.png 300w, https:\/\/africanet-security.com\/wp-content\/uploads\/2025\/09\/Captura-de-tela-2025-09-29-0810243-768x141.png 768w, https:\/\/africanet-security.com\/wp-content\/uploads\/2025\/09\/Captura-de-tela-2025-09-29-0810243-1536x282.png 1536w, https:\/\/africanet-security.com\/wp-content\/uploads\/2025\/09\/Captura-de-tela-2025-09-29-0810243-205x38.png 205w, https:\/\/africanet-security.com\/wp-content\/uploads\/2025\/09\/Captura-de-tela-2025-09-29-0810243-480x88.png 480w, https:\/\/africanet-security.com\/wp-content\/uploads\/2025\/09\/Captura-de-tela-2025-09-29-0810243.png 1592w\" sizes=\"(max-width: 1024px) 100vw, 1024px\" \/>                        <div class=\"item-overlay\">\n                            <h2 class=\"item-titulo-overlay\">\u00c1frica: Din\u00e2micas Internas e Inser\u00e7\u00e3o Internacional no V ERABED Sul<\/h2>\n                        <\/div>\n                    <\/a>\n                <\/article>\n                            <article id=\"post-1098\" class=\"item-publicacao-wrap post-1098 publicacao type-publicacao status-publish has-post-thumbnail hentry tipo_publicacao-evento\">\n                    <a href=\"https:\/\/africanet-security.com\/en\/publicacao\/ii-seminario-internacional-cebrafrica-prame\/\" class=\"item-publicacao-link\">\n                        <img loading=\"lazy\" decoding=\"async\" width=\"1024\" height=\"929\" src=\"https:\/\/africanet-security.com\/wp-content\/uploads\/2025\/08\/cebrafrica-1-1024x929.png\" class=\"attachment-large size-large wp-post-image\" alt=\"\" srcset=\"https:\/\/africanet-security.com\/wp-content\/uploads\/2025\/08\/cebrafrica-1-1024x929.png 1024w, https:\/\/africanet-security.com\/wp-content\/uploads\/2025\/08\/cebrafrica-1-300x272.png 300w, https:\/\/africanet-security.com\/wp-content\/uploads\/2025\/08\/cebrafrica-1-768x696.png 768w, https:\/\/africanet-security.com\/wp-content\/uploads\/2025\/08\/cebrafrica-1-1536x1393.png 1536w, https:\/\/africanet-security.com\/wp-content\/uploads\/2025\/08\/cebrafrica-1-205x186.png 205w, https:\/\/africanet-security.com\/wp-content\/uploads\/2025\/08\/cebrafrica-1-480x435.png 480w, https:\/\/africanet-security.com\/wp-content\/uploads\/2025\/08\/cebrafrica-1-1320x1197.png 1320w, https:\/\/africanet-security.com\/wp-content\/uploads\/2025\/08\/cebrafrica-1.png 1888w\" sizes=\"(max-width: 1024px) 100vw, 1024px\" \/>                        <div class=\"item-overlay\">\n                            <h2 class=\"item-titulo-overlay\">II Semin\u00e1rio Internacional CEBRAFRICA\/PRAME<\/h2>\n                        <\/div>\n                    <\/a>\n                <\/article>\n                        \n            <div class=\"paginacao-publicacoes\">\n                            <\/div>\n                        <\/div>\n\n\n    <style>\n    .filtro-botao:hover {\n        background: #0073aa !important;\n        color: #fff !important;\n        border-color: #0073aa !important;\n    }\n    .filtro-botao.ativo {\n        background: #0073aa !important;\n        color: #fff !important;\n        border-color: #0073aa !important;\n    }\n    <\/style>\n\n    <\/div>\n\t\t\t\t\t\t<\/div>\n\t\t\t\t<\/div>\n\t\t\t\t\t<\/div>\n\t\t\t\t<\/div>\n\t\t\t\t<\/div>","protected":false},"excerpt":{"rendered":"","protected":false},"author":7,"featured_media":0,"parent":0,"menu_order":0,"comment_status":"closed","ping_status":"closed","template":"","meta":{"_acf_changed":false,"_uag_custom_page_level_css":"","site-sidebar-layout":"no-sidebar","site-content-layout":"","ast-site-content-layout":"full-width-container","site-content-style":"default","site-sidebar-style":"default","ast-global-header-display":"","ast-banner-title-visibility":"","ast-main-header-display":"","ast-hfb-above-header-display":"","ast-hfb-below-header-display":"","ast-hfb-mobile-header-display":"","site-post-title":"","ast-breadcrumbs-content":"","ast-featured-img":"disabled","footer-sml-layout":"","theme-transparent-header-meta":"","adv-header-id-meta":"","stick-header-meta":"","header-above-stick-meta":"","header-main-stick-meta":"","header-below-stick-meta":"","astra-migrate-meta-layouts":"default","ast-page-background-enabled":"default","ast-page-background-meta":{"desktop":{"background-color":"var(--ast-global-color-5)","background-image":"","background-repeat":"repeat","background-position":"center center","background-size":"auto","background-attachment":"scroll","background-type":"","background-media":"","overlay-type":"","overlay-color":"","overlay-opacity":"","overlay-gradient":""},"tablet":{"background-color":"","background-image":"","background-repeat":"repeat","background-position":"center center","background-size":"auto","background-attachment":"scroll","background-type":"","background-media":"","overlay-type":"","overlay-color":"","overlay-opacity":"","overlay-gradient":""},"mobile":{"background-color":"","background-image":"","background-repeat":"repeat","background-position":"center center","background-size":"auto","background-attachment":"scroll","background-type":"","background-media":"","overlay-type":"","overlay-color":"","overlay-opacity":"","overlay-gradient":""}},"ast-content-background-meta":{"desktop":{"background-color":"var(--ast-global-color-4)","background-image":"","background-repeat":"repeat","background-position":"center center","background-size":"auto","background-attachment":"scroll","background-type":"","background-media":"","overlay-type":"","overlay-color":"","overlay-opacity":"","overlay-gradient":""},"tablet":{"background-color":"var(--ast-global-color-4)","background-image":"","background-repeat":"repeat","background-position":"center center","background-size":"auto","background-attachment":"scroll","background-type":"","background-media":"","overlay-type":"","overlay-color":"","overlay-opacity":"","overlay-gradient":""},"mobile":{"background-color":"var(--ast-global-color-4)","background-image":"","background-repeat":"repeat","background-position":"center center","background-size":"auto","background-attachment":"scroll","background-type":"","background-media":"","overlay-type":"","overlay-color":"","overlay-opacity":"","overlay-gradient":""}},"footnotes":""},"class_list":["post-1241","page","type-page","status-publish","hentry"],"acf":[],"uagb_featured_image_src":{"full":false,"thumbnail":false,"medium":false,"medium_large":false,"large":false,"1536x1536":false,"2048x2048":false,"trp-custom-language-flag":false,"tainacan-small":false,"tainacan-medium":false,"tainacan-medium-full":false,"tainacan-large-full":false},"uagb_author_info":{"display_name":"Cristielson Silva de Morais","author_link":"https:\/\/africanet-security.com\/en\/author\/desenvolvedor\/"},"uagb_comment_info":0,"uagb_excerpt":null,"_links":{"self":[{"href":"https:\/\/africanet-security.com\/en\/wp-json\/wp\/v2\/pages\/1241","targetHints":{"allow":["GET"]}}],"collection":[{"href":"https:\/\/africanet-security.com\/en\/wp-json\/wp\/v2\/pages"}],"about":[{"href":"https:\/\/africanet-security.com\/en\/wp-json\/wp\/v2\/types\/page"}],"author":[{"embeddable":true,"href":"https:\/\/africanet-security.com\/en\/wp-json\/wp\/v2\/users\/7"}],"replies":[{"embeddable":true,"href":"https:\/\/africanet-security.com\/en\/wp-json\/wp\/v2\/comments?post=1241"}],"version-history":[{"count":6,"href":"https:\/\/africanet-security.com\/en\/wp-json\/wp\/v2\/pages\/1241\/revisions"}],"predecessor-version":[{"id":1335,"href":"https:\/\/africanet-security.com\/en\/wp-json\/wp\/v2\/pages\/1241\/revisions\/1335"}],"wp:attachment":[{"href":"https:\/\/africanet-security.com\/en\/wp-json\/wp\/v2\/media?parent=1241"}],"curies":[{"name":"wp","href":"https:\/\/api.w.org\/{rel}","templated":true}]}}