{"id":1244,"date":"2025-09-05T14:38:18","date_gmt":"2025-09-05T14:38:18","guid":{"rendered":"https:\/\/africanet-security.com\/?page_id=1244"},"modified":"2025-11-07T14:28:22","modified_gmt":"2025-11-07T14:28:22","slug":"noticias","status":"publish","type":"page","link":"https:\/\/africanet-security.com\/en\/noticias\/","title":{"rendered":"Not\u00edcias"},"content":{"rendered":"<div data-elementor-type=\"wp-page\" data-elementor-id=\"1244\" class=\"elementor elementor-1244\" data-elementor-post-type=\"page\">\n\t\t\t\t<div class=\"elementor-element elementor-element-d3921a1 e-flex e-con-boxed e-con e-parent\" data-id=\"d3921a1\" data-element_type=\"container\" data-e-type=\"container\">\n\t\t\t\t\t<div class=\"e-con-inner\">\n\t\t\t\t<div class=\"elementor-element elementor-element-6c9b802 elementor-widget elementor-widget-shortcode\" data-id=\"6c9b802\" data-element_type=\"widget\" data-e-type=\"widget\" data-widget_type=\"shortcode.default\">\n\t\t\t\t<div class=\"elementor-widget-container\">\n\t\t\t\t\t\t\t<div class=\"elementor-shortcode\">\n    <!-- Bot\u00f5es de Filtro - S\u00f3 aparece se houver par\u00e2metro type E filtros encontrados -->\n    \n\n    <!-- Formul\u00e1rio de Busca - SEMPRE vis\u00edvel -->\n    <div class=\"filtros-publicacoes-wrapper\">\n        <div class=\"filtro-header\">\n            <h3 class=\"filtro-titulo\">Refine Search<\/h3>\n        <\/div>\n\t\t        <form role=\"search\" method=\"get\" class=\"filtros-publicacoes-form\" action=\"\" data-trp-original-action=\"\">\n            <div class=\"campo-filtro\">\n                <input type=\"text\" name=\"s_publicacao\" id=\"s_publicacao\" placeholder=\"Keyword...\" value=\"\">\n            <\/div>\n           \n            <div class=\"campo-filtro-submit\">\n                <button type=\"submit\" class=\"botao-filtrar\" aria-label=\"Filtrar publica\u00e7\u00f5es\">\n                    <svg xmlns=\"http:\/\/www.w3.org\/2000\/svg\" width=\"16\" height=\"16\" fill=\"currentColor\" viewbox=\"0 0 16 16\" class=\"icone-botao\">\n                      <path d=\"M11.742 10.344a6.5 6.5 0 1 0-1.397 1.398h-.001c.03.04.062.078.098.115l3.85 3.85a1 1 0 0 0 1.415-1.414l-3.85-3.85a1.007 1.007 0 0 0-.115-.1zM12 6.5a5.5 5.5 0 1 1-11 0 5.5 5.5 0 0 1 11 0z\"\/>\n                    <\/svg>\n                    <span>Search<\/span>\n                <\/button>\n            <\/div>\n        <input type=\"hidden\" name=\"trp-form-language\" value=\"en\"\/><\/form>\n    <\/div>\n\n    \n    <div class=\"lista-publicacoes-grid\">\n                                    <article id=\"post-2109\" class=\"item-publicacao-wrap post-2109 publicacao type-publicacao status-publish has-post-thumbnail hentry tipo_publicacao-noticia\">\n                    <a href=\"https:\/\/africanet-security.com\/en\/publicacao\/excelencia-em-estudos-africanos-rbea-ufrgs-e-classificada-como-qualis-a3\/\" class=\"item-publicacao-link\">\n                        <img fetchpriority=\"high\" decoding=\"async\" width=\"1024\" height=\"1024\" src=\"https:\/\/africanet-security.com\/wp-content\/uploads\/2026\/03\/RBEA-qualis-A3-Rafaela-Serpa-1024x1024.jpeg\" class=\"attachment-large size-large wp-post-image\" alt=\"\" srcset=\"https:\/\/africanet-security.com\/wp-content\/uploads\/2026\/03\/RBEA-qualis-A3-Rafaela-Serpa-1024x1024.jpeg 1024w, https:\/\/africanet-security.com\/wp-content\/uploads\/2026\/03\/RBEA-qualis-A3-Rafaela-Serpa-300x300.jpeg 300w, https:\/\/africanet-security.com\/wp-content\/uploads\/2026\/03\/RBEA-qualis-A3-Rafaela-Serpa-150x150.jpeg 150w, https:\/\/africanet-security.com\/wp-content\/uploads\/2026\/03\/RBEA-qualis-A3-Rafaela-Serpa-768x768.jpeg 768w, https:\/\/africanet-security.com\/wp-content\/uploads\/2026\/03\/RBEA-qualis-A3-Rafaela-Serpa-12x12.jpeg 12w, https:\/\/africanet-security.com\/wp-content\/uploads\/2026\/03\/RBEA-qualis-A3-Rafaela-Serpa-40x40.jpeg 40w, https:\/\/africanet-security.com\/wp-content\/uploads\/2026\/03\/RBEA-qualis-A3-Rafaela-Serpa-275x275.jpeg 275w, https:\/\/africanet-security.com\/wp-content\/uploads\/2026\/03\/RBEA-qualis-A3-Rafaela-Serpa-205x205.jpeg 205w, https:\/\/africanet-security.com\/wp-content\/uploads\/2026\/03\/RBEA-qualis-A3-Rafaela-Serpa-480x480.jpeg 480w, https:\/\/africanet-security.com\/wp-content\/uploads\/2026\/03\/RBEA-qualis-A3-Rafaela-Serpa.jpeg 1080w\" sizes=\"(max-width: 1024px) 100vw, 1024px\" \/>                        <div class=\"item-overlay\">\n                            <h2 class=\"item-titulo-overlay\">Excel\u00eancia em Estudos Africanos: RBEA\/UFRGS \u00e9 classificada como Qualis A3<\/h2>\n                        <\/div>\n                    <\/a>\n                <\/article>\n                            <article id=\"post-1992\" class=\"item-publicacao-wrap post-1992 publicacao type-publicacao status-publish has-post-thumbnail hentry tipo_publicacao-noticia\">\n                    <a href=\"https:\/\/africanet-security.com\/en\/publicacao\/revista-debates-lanca-dossie-sobre-africa-e-pos-hegemonia\/\" class=\"item-publicacao-link\">\n                        <img decoding=\"async\" width=\"819\" height=\"1024\" src=\"https:\/\/africanet-security.com\/wp-content\/uploads\/2026\/02\/Post-Dossie-Debates-819x1024.jpg\" class=\"attachment-large size-large wp-post-image\" alt=\"\" srcset=\"https:\/\/africanet-security.com\/wp-content\/uploads\/2026\/02\/Post-Dossie-Debates-819x1024.jpg 819w, https:\/\/africanet-security.com\/wp-content\/uploads\/2026\/02\/Post-Dossie-Debates-240x300.jpg 240w, https:\/\/africanet-security.com\/wp-content\/uploads\/2026\/02\/Post-Dossie-Debates-768x960.jpg 768w, https:\/\/africanet-security.com\/wp-content\/uploads\/2026\/02\/Post-Dossie-Debates-10x12.jpg 10w, https:\/\/africanet-security.com\/wp-content\/uploads\/2026\/02\/Post-Dossie-Debates-205x256.jpg 205w, https:\/\/africanet-security.com\/wp-content\/uploads\/2026\/02\/Post-Dossie-Debates-480x600.jpg 480w, https:\/\/africanet-security.com\/wp-content\/uploads\/2026\/02\/Post-Dossie-Debates.jpg 1080w\" sizes=\"(max-width: 819px) 100vw, 819px\" \/>                        <div class=\"item-overlay\">\n                            <h2 class=\"item-titulo-overlay\">Revista Debates Lan\u00e7a Dossi\u00ea sobre \u00c1frica e P\u00f3s-Hegemonia<\/h2>\n                        <\/div>\n                    <\/a>\n                <\/article>\n                            <article id=\"post-1776\" class=\"item-publicacao-wrap post-1776 publicacao type-publicacao status-publish has-post-thumbnail hentry tipo_publicacao-noticia\">\n                    <a href=\"https:\/\/africanet-security.com\/en\/publicacao\/africanet-marca-presenca-no-iii-seminario-internacional-geoafrica\/\" class=\"item-publicacao-link\">\n                        <img decoding=\"async\" width=\"828\" height=\"1024\" src=\"https:\/\/africanet-security.com\/wp-content\/uploads\/2025\/11\/WhatsApp-Image-2025-11-10-at-13.45.30-828x1024.jpeg\" class=\"attachment-large size-large wp-post-image\" alt=\"\" srcset=\"https:\/\/africanet-security.com\/wp-content\/uploads\/2025\/11\/WhatsApp-Image-2025-11-10-at-13.45.30-828x1024.jpeg 828w, https:\/\/africanet-security.com\/wp-content\/uploads\/2025\/11\/WhatsApp-Image-2025-11-10-at-13.45.30-243x300.jpeg 243w, https:\/\/africanet-security.com\/wp-content\/uploads\/2025\/11\/WhatsApp-Image-2025-11-10-at-13.45.30-768x950.jpeg 768w, https:\/\/africanet-security.com\/wp-content\/uploads\/2025\/11\/WhatsApp-Image-2025-11-10-at-13.45.30-205x254.jpeg 205w, https:\/\/africanet-security.com\/wp-content\/uploads\/2025\/11\/WhatsApp-Image-2025-11-10-at-13.45.30-480x594.jpeg 480w, https:\/\/africanet-security.com\/wp-content\/uploads\/2025\/11\/WhatsApp-Image-2025-11-10-at-13.45.30.jpeg 1170w\" sizes=\"(max-width: 828px) 100vw, 828px\" \/>                        <div class=\"item-overlay\">\n                            <h2 class=\"item-titulo-overlay\">AFRICANET marca presen\u00e7a no III Semin\u00e1rio Internacional Geo\u00c1frica<\/h2>\n                        <\/div>\n                    <\/a>\n                <\/article>\n                            <article id=\"post-1769\" class=\"item-publicacao-wrap post-1769 publicacao type-publicacao status-publish has-post-thumbnail hentry tipo_publicacao-noticia\">\n                    <a href=\"https:\/\/africanet-security.com\/en\/publicacao\/africanet-marca-presenca-no-v-erabed-sul-com-painel-sobre-seguranca-e-defesa-na-africa\/\" class=\"item-publicacao-link\">\n                        <img loading=\"lazy\" decoding=\"async\" width=\"1024\" height=\"768\" src=\"https:\/\/africanet-security.com\/wp-content\/uploads\/2025\/11\/WhatsApp-Image-2025-10-23-at-06.56.45-1-1024x768.jpeg\" class=\"attachment-large size-large wp-post-image\" alt=\"\" srcset=\"https:\/\/africanet-security.com\/wp-content\/uploads\/2025\/11\/WhatsApp-Image-2025-10-23-at-06.56.45-1-1024x768.jpeg 1024w, https:\/\/africanet-security.com\/wp-content\/uploads\/2025\/11\/WhatsApp-Image-2025-10-23-at-06.56.45-1-300x225.jpeg 300w, https:\/\/africanet-security.com\/wp-content\/uploads\/2025\/11\/WhatsApp-Image-2025-10-23-at-06.56.45-1-768x576.jpeg 768w, https:\/\/africanet-security.com\/wp-content\/uploads\/2025\/11\/WhatsApp-Image-2025-10-23-at-06.56.45-1-1536x1152.jpeg 1536w, https:\/\/africanet-security.com\/wp-content\/uploads\/2025\/11\/WhatsApp-Image-2025-10-23-at-06.56.45-1-205x154.jpeg 205w, https:\/\/africanet-security.com\/wp-content\/uploads\/2025\/11\/WhatsApp-Image-2025-10-23-at-06.56.45-1-480x360.jpeg 480w, https:\/\/africanet-security.com\/wp-content\/uploads\/2025\/11\/WhatsApp-Image-2025-10-23-at-06.56.45-1.jpeg 1600w\" sizes=\"(max-width: 1024px) 100vw, 1024px\" \/>                        <div class=\"item-overlay\">\n                            <h2 class=\"item-titulo-overlay\">AFRICANET marca presen\u00e7a no V ERABED Sul com Painel sobre Seguran\u00e7a e Defesa na \u00c1frica<\/h2>\n                        <\/div>\n                    <\/a>\n                <\/article>\n                            <article id=\"post-1765\" class=\"item-publicacao-wrap post-1765 publicacao type-publicacao status-publish has-post-thumbnail hentry tipo_publicacao-noticia\">\n                    <a href=\"https:\/\/africanet-security.com\/en\/publicacao\/os-anais-do-ii-seminario-internacional-cebrafrica-prame-estao-disponiveis\/\" class=\"item-publicacao-link\">\n                        <img loading=\"lazy\" decoding=\"async\" width=\"557\" height=\"787\" src=\"https:\/\/africanet-security.com\/wp-content\/uploads\/2025\/11\/anais.png\" class=\"attachment-large size-large wp-post-image\" alt=\"\" srcset=\"https:\/\/africanet-security.com\/wp-content\/uploads\/2025\/11\/anais.png 557w, https:\/\/africanet-security.com\/wp-content\/uploads\/2025\/11\/anais-212x300.png 212w, https:\/\/africanet-security.com\/wp-content\/uploads\/2025\/11\/anais-205x290.png 205w, https:\/\/africanet-security.com\/wp-content\/uploads\/2025\/11\/anais-480x678.png 480w\" sizes=\"(max-width: 557px) 100vw, 557px\" \/>                        <div class=\"item-overlay\">\n                            <h2 class=\"item-titulo-overlay\">Os Anais do II Semin\u00e1rio Internacional CEBRAFRICA\/PRAME est\u00e3o dispon\u00edveis!<\/h2>\n                        <\/div>\n                    <\/a>\n                <\/article>\n                            <article id=\"post-1664\" class=\"item-publicacao-wrap post-1664 publicacao type-publicacao status-publish has-post-thumbnail hentry tipo_publicacao-noticia\">\n                    <a href=\"https:\/\/africanet-security.com\/en\/publicacao\/reconhecimento-internacional-prof-peter-vale-torna-se-senior-fellow-da-royal-society-of-south-africa\/\" class=\"item-publicacao-link\">\n                        <img loading=\"lazy\" decoding=\"async\" width=\"901\" height=\"1024\" src=\"https:\/\/africanet-security.com\/wp-content\/uploads\/2025\/10\/Peter-Vale-2-1351x1536-1-901x1024.jpg\" class=\"attachment-large size-large wp-post-image\" alt=\"\" srcset=\"https:\/\/africanet-security.com\/wp-content\/uploads\/2025\/10\/Peter-Vale-2-1351x1536-1-901x1024.jpg 901w, https:\/\/africanet-security.com\/wp-content\/uploads\/2025\/10\/Peter-Vale-2-1351x1536-1-264x300.jpg 264w, https:\/\/africanet-security.com\/wp-content\/uploads\/2025\/10\/Peter-Vale-2-1351x1536-1-768x873.jpg 768w, https:\/\/africanet-security.com\/wp-content\/uploads\/2025\/10\/Peter-Vale-2-1351x1536-1-205x233.jpg 205w, https:\/\/africanet-security.com\/wp-content\/uploads\/2025\/10\/Peter-Vale-2-1351x1536-1-480x546.jpg 480w, https:\/\/africanet-security.com\/wp-content\/uploads\/2025\/10\/Peter-Vale-2-1351x1536-1.jpg 1351w\" sizes=\"(max-width: 901px) 100vw, 901px\" \/>                        <div class=\"item-overlay\">\n                            <h2 class=\"item-titulo-overlay\">Reconhecimento internacional: Prof. Peter Vale torna-se Senior Fellow da Royal Society of South Africa<\/h2>\n                        <\/div>\n                    <\/a>\n                <\/article>\n                        \n            <div class=\"paginacao-publicacoes\">\n                            <\/div>\n                        <\/div>\n\n\n    <style>\n    .filtro-botao:hover {\n        background: #0073aa !important;\n        color: #fff !important;\n        border-color: #0073aa !important;\n    }\n    .filtro-botao.ativo {\n        background: #0073aa !important;\n        color: #fff !important;\n        border-color: #0073aa !important;\n    }\n    <\/style>\n\n    <\/div>\n\t\t\t\t\t\t<\/div>\n\t\t\t\t<\/div>\n\t\t\t\t\t<\/div>\n\t\t\t\t<\/div>\n\t\t\t\t<\/div>","protected":false},"excerpt":{"rendered":"","protected":false},"author":7,"featured_media":0,"parent":0,"menu_order":0,"comment_status":"closed","ping_status":"closed","template":"","meta":{"_acf_changed":false,"_uag_custom_page_level_css":"","site-sidebar-layout":"no-sidebar","site-content-layout":"","ast-site-content-layout":"full-width-container","site-content-style":"default","site-sidebar-style":"default","ast-global-header-display":"","ast-banner-title-visibility":"","ast-main-header-display":"","ast-hfb-above-header-display":"","ast-hfb-below-header-display":"","ast-hfb-mobile-header-display":"","site-post-title":"","ast-breadcrumbs-content":"","ast-featured-img":"disabled","footer-sml-layout":"","theme-transparent-header-meta":"","adv-header-id-meta":"","stick-header-meta":"","header-above-stick-meta":"","header-main-stick-meta":"","header-below-stick-meta":"","astra-migrate-meta-layouts":"default","ast-page-background-enabled":"default","ast-page-background-meta":{"desktop":{"background-color":"var(--ast-global-color-5)","background-image":"","background-repeat":"repeat","background-position":"center center","background-size":"auto","background-attachment":"scroll","background-type":"","background-media":"","overlay-type":"","overlay-color":"","overlay-opacity":"","overlay-gradient":""},"tablet":{"background-color":"","background-image":"","background-repeat":"repeat","background-position":"center center","background-size":"auto","background-attachment":"scroll","background-type":"","background-media":"","overlay-type":"","overlay-color":"","overlay-opacity":"","overlay-gradient":""},"mobile":{"background-color":"","background-image":"","background-repeat":"repeat","background-position":"center center","background-size":"auto","background-attachment":"scroll","background-type":"","background-media":"","overlay-type":"","overlay-color":"","overlay-opacity":"","overlay-gradient":""}},"ast-content-background-meta":{"desktop":{"background-color":"var(--ast-global-color-4)","background-image":"","background-repeat":"repeat","background-position":"center center","background-size":"auto","background-attachment":"scroll","background-type":"","background-media":"","overlay-type":"","overlay-color":"","overlay-opacity":"","overlay-gradient":""},"tablet":{"background-color":"var(--ast-global-color-4)","background-image":"","background-repeat":"repeat","background-position":"center center","background-size":"auto","background-attachment":"scroll","background-type":"","background-media":"","overlay-type":"","overlay-color":"","overlay-opacity":"","overlay-gradient":""},"mobile":{"background-color":"var(--ast-global-color-4)","background-image":"","background-repeat":"repeat","background-position":"center center","background-size":"auto","background-attachment":"scroll","background-type":"","background-media":"","overlay-type":"","overlay-color":"","overlay-opacity":"","overlay-gradient":""}},"footnotes":""},"class_list":["post-1244","page","type-page","status-publish","hentry"],"acf":[],"uagb_featured_image_src":{"full":false,"thumbnail":false,"medium":false,"medium_large":false,"large":false,"1536x1536":false,"2048x2048":false,"trp-custom-language-flag":false,"tainacan-small":false,"tainacan-medium":false,"tainacan-medium-full":false,"tainacan-large-full":false},"uagb_author_info":{"display_name":"Cristielson Silva de Morais","author_link":"https:\/\/africanet-security.com\/en\/author\/desenvolvedor\/"},"uagb_comment_info":0,"uagb_excerpt":null,"_links":{"self":[{"href":"https:\/\/africanet-security.com\/en\/wp-json\/wp\/v2\/pages\/1244","targetHints":{"allow":["GET"]}}],"collection":[{"href":"https:\/\/africanet-security.com\/en\/wp-json\/wp\/v2\/pages"}],"about":[{"href":"https:\/\/africanet-security.com\/en\/wp-json\/wp\/v2\/types\/page"}],"author":[{"embeddable":true,"href":"https:\/\/africanet-security.com\/en\/wp-json\/wp\/v2\/users\/7"}],"replies":[{"embeddable":true,"href":"https:\/\/africanet-security.com\/en\/wp-json\/wp\/v2\/comments?post=1244"}],"version-history":[{"count":10,"href":"https:\/\/africanet-security.com\/en\/wp-json\/wp\/v2\/pages\/1244\/revisions"}],"predecessor-version":[{"id":1764,"href":"https:\/\/africanet-security.com\/en\/wp-json\/wp\/v2\/pages\/1244\/revisions\/1764"}],"wp:attachment":[{"href":"https:\/\/africanet-security.com\/en\/wp-json\/wp\/v2\/media?parent=1244"}],"curies":[{"name":"wp","href":"https:\/\/api.w.org\/{rel}","templated":true}]}}