{"id":1437,"date":"2025-09-10T13:54:29","date_gmt":"2025-09-10T13:54:29","guid":{"rendered":"https:\/\/africanet-security.com\/?page_id=1437"},"modified":"2025-09-10T14:16:05","modified_gmt":"2025-09-10T14:16:05","slug":"contato","status":"publish","type":"page","link":"https:\/\/africanet-security.com\/en\/contato\/","title":{"rendered":"CONTACT"},"content":{"rendered":"<div class=\"elementor-element elementor-element-32a8d06 elementor-widget elementor-widget-text-editor\" data-id=\"32a8d06\" data-element_type=\"widget\" data-widget_type=\"text-editor.default\">\n<div class=\"elementor-widget-container\">\n<p>\ud83d\udce7\u00a0<strong>E-mail:<\/strong><br \/>\n<a href=\"mailto:africanet@africanet-security.com\">africanet@africanet-security.com<\/a><\/p>\n<p>\ud83c\udf0d\u00a0<strong>Site Oficial:<\/strong><br \/>\n<a href=\"https:\/\/africanet-security.com\/en\" target=\"_blank\" rel=\"noopener noreferrer\">www.africanet-security.com<\/a><\/p>\n<p>\ud83d\udccd\u00a0<strong>Endere\u00e7o:<\/strong><br \/>\nUniversidade Federal de Santa Maria (UFSM)<br \/>\nPrograma de P\u00f3s-Gradua\u00e7\u00e3o em Rela\u00e7\u00f5es Internacionais (PPGRI)<br \/>\nAv. Roraima, 1000 \u2013 Bairro Camobi<br \/>\nSanta Maria \u2013 RS \u2013 Brasil<br \/>\nCEP: 97105-900<\/p>\n<\/div>\n<\/div>","protected":false},"excerpt":{"rendered":"<p>\ud83d\udce7\u00a0E-mail: africanet@africanet-security.com \ud83c\udf0d\u00a0Site Oficial: www.africanet-security.com \ud83d\udccd\u00a0Endere\u00e7o: Universidade Federal de Santa Maria (UFSM) Programa de P\u00f3s-Gradua\u00e7\u00e3o em Rela\u00e7\u00f5es Internacionais (PPGRI) Av. [&hellip;]<\/p>\n","protected":false},"author":7,"featured_media":0,"parent":0,"menu_order":0,"comment_status":"closed","ping_status":"closed","template":"","meta":{"_acf_changed":false,"_uag_custom_page_level_css":"","site-sidebar-layout":"default","site-content-layout":"","ast-site-content-layout":"default","site-content-style":"default","site-sidebar-style":"default","ast-global-header-display":"","ast-banner-title-visibility":"","ast-main-header-display":"","ast-hfb-above-header-display":"","ast-hfb-below-header-display":"","ast-hfb-mobile-header-display":"","site-post-title":"","ast-breadcrumbs-content":"","ast-featured-img":"","footer-sml-layout":"","theme-transparent-header-meta":"default","adv-header-id-meta":"","stick-header-meta":"","header-above-stick-meta":"","header-main-stick-meta":"","header-below-stick-meta":"","astra-migrate-meta-layouts":"set","ast-page-background-enabled":"default","ast-page-background-meta":{"desktop":{"background-color":"var(--ast-global-color-5)","background-image":"","background-repeat":"repeat","background-position":"center center","background-size":"auto","background-attachment":"scroll","background-type":"","background-media":"","overlay-type":"","overlay-color":"","overlay-opacity":"","overlay-gradient":""},"tablet":{"background-color":"","background-image":"","background-repeat":"repeat","background-position":"center center","background-size":"auto","background-attachment":"scroll","background-type":"","background-media":"","overlay-type":"","overlay-color":"","overlay-opacity":"","overlay-gradient":""},"mobile":{"background-color":"","background-image":"","background-repeat":"repeat","background-position":"center center","background-size":"auto","background-attachment":"scroll","background-type":"","background-media":"","overlay-type":"","overlay-color":"","overlay-opacity":"","overlay-gradient":""}},"ast-content-background-meta":{"desktop":{"background-color":"var(--ast-global-color-4)","background-image":"","background-repeat":"repeat","background-position":"center center","background-size":"auto","background-attachment":"scroll","background-type":"","background-media":"","overlay-type":"","overlay-color":"","overlay-opacity":"","overlay-gradient":""},"tablet":{"background-color":"var(--ast-global-color-4)","background-image":"","background-repeat":"repeat","background-position":"center center","background-size":"auto","background-attachment":"scroll","background-type":"","background-media":"","overlay-type":"","overlay-color":"","overlay-opacity":"","overlay-gradient":""},"mobile":{"background-color":"var(--ast-global-color-4)","background-image":"","background-repeat":"repeat","background-position":"center center","background-size":"auto","background-attachment":"scroll","background-type":"","background-media":"","overlay-type":"","overlay-color":"","overlay-opacity":"","overlay-gradient":""}},"footnotes":""},"class_list":["post-1437","page","type-page","status-publish","hentry"],"acf":[],"uagb_featured_image_src":{"full":false,"thumbnail":false,"medium":false,"medium_large":false,"large":false,"1536x1536":false,"2048x2048":false,"trp-custom-language-flag":false,"tainacan-small":false,"tainacan-medium":false,"tainacan-medium-full":false,"tainacan-large-full":false},"uagb_author_info":{"display_name":"Cristielson Silva de Morais","author_link":"https:\/\/africanet-security.com\/en\/author\/desenvolvedor\/"},"uagb_comment_info":0,"uagb_excerpt":"\ud83d\udce7\u00a0E-mail: africanet@africanet-security.com \ud83c\udf0d\u00a0Site Oficial: www.africanet-security.com \ud83d\udccd\u00a0Endere\u00e7o: Universidade Federal de Santa Maria (UFSM) Programa de P\u00f3s-Gradua\u00e7\u00e3o em Rela\u00e7\u00f5es Internacionais (PPGRI) Av. [&hellip;]","_links":{"self":[{"href":"https:\/\/africanet-security.com\/en\/wp-json\/wp\/v2\/pages\/1437","targetHints":{"allow":["GET"]}}],"collection":[{"href":"https:\/\/africanet-security.com\/en\/wp-json\/wp\/v2\/pages"}],"about":[{"href":"https:\/\/africanet-security.com\/en\/wp-json\/wp\/v2\/types\/page"}],"author":[{"embeddable":true,"href":"https:\/\/africanet-security.com\/en\/wp-json\/wp\/v2\/users\/7"}],"replies":[{"embeddable":true,"href":"https:\/\/africanet-security.com\/en\/wp-json\/wp\/v2\/comments?post=1437"}],"version-history":[{"count":5,"href":"https:\/\/africanet-security.com\/en\/wp-json\/wp\/v2\/pages\/1437\/revisions"}],"predecessor-version":[{"id":1839,"href":"https:\/\/africanet-security.com\/en\/wp-json\/wp\/v2\/pages\/1437\/revisions\/1839"}],"wp:attachment":[{"href":"https:\/\/africanet-security.com\/en\/wp-json\/wp\/v2\/media?parent=1437"}],"curies":[{"name":"wp","href":"https:\/\/api.w.org\/{rel}","templated":true}]}}