{"id":1445,"date":"2025-09-10T14:06:08","date_gmt":"2025-09-10T14:06:08","guid":{"rendered":"https:\/\/africanet-security.com\/?page_id=1445"},"modified":"2025-10-01T14:00:11","modified_gmt":"2025-10-01T14:00:11","slug":"o-projeto","status":"publish","type":"page","link":"https:\/\/africanet-security.com\/en\/o-projeto\/","title":{"rendered":"O projeto"},"content":{"rendered":"<h1>Seguran\u00e7a e Defesa na \u00c1frica: Caracter\u00edsticas, Mudan\u00e7as e Impactos no Entorno Estrat\u00e9gico Brasileiro<\/h1>\n<p><img fetchpriority=\"high\" decoding=\"async\" class=\"size-medium wp-image-9 aligncenter lazyautosizes lazyloaded\" src=\"https:\/\/africanet-security.com\/wp-content\/uploads\/2025\/02\/001-300x197.png\" sizes=\"300px\" srcset=\"https:\/\/africanet-security.com\/wp-content\/uploads\/2025\/02\/001-300x197.png 300w, https:\/\/africanet-security.com\/wp-content\/uploads\/2025\/02\/001-1024x671.png 1024w, https:\/\/africanet-security.com\/wp-content\/uploads\/2025\/02\/001-768x503.png 768w, https:\/\/africanet-security.com\/wp-content\/uploads\/2025\/02\/001-1536x1006.png 1536w, https:\/\/africanet-security.com\/wp-content\/uploads\/2025\/02\/001.png 1809w\" alt=\"\" width=\"300\" height=\"197\" data-src=\"https:\/\/africanet-security.com\/wp-content\/uploads\/2025\/02\/001-300x197.png\" data-srcset=\"https:\/\/africanet-security.com\/wp-content\/uploads\/2025\/02\/001-300x197.png 300w, https:\/\/africanet-security.com\/wp-content\/uploads\/2025\/02\/001-1024x671.png 1024w, https:\/\/africanet-security.com\/wp-content\/uploads\/2025\/02\/001-768x503.png 768w, https:\/\/africanet-security.com\/wp-content\/uploads\/2025\/02\/001-1536x1006.png 1536w, https:\/\/africanet-security.com\/wp-content\/uploads\/2025\/02\/001.png 1809w\" data-sizes=\"auto\" data-eio-rwidth=\"300\" data-eio-rheight=\"197\" \/><\/p>\n<p>O projeto\u00a0<b>\u201cSeguran\u00e7a e Defesa na \u00c1frica : Caracter\u00edsticas, Mudan\u00e7as e Impactos no Entorno Estrat\u00e9gico Brasileiro\u201d<\/b>\u00a0tem como objetivo analisar as din\u00e2micas de seguran\u00e7a e defesa do continente africano, com foco em seus impactos para o Brasil. A pesquisa investiga as principais estruturas, caracter\u00edsticas e pol\u00edticas de Seguran\u00e7a e Defesa da \u00c1frica, seus reflexos sobre o Entorno Estrat\u00e9gico brasileiro e as possibilidades de a\u00e7\u00e3o para o Brasil em diferentes cen\u00e1rios.<\/p>\n<p>De car\u00e1ter interdisciplinar, o projeto re\u00fane institui\u00e7\u00f5es civis e militares brasileiras, incluindo o\u00a0<b>PPGRI\/UFSM, PPGCP\/UFRGS, PPGM\/ECEME e PPGGEO\/UFRR<\/b>, al\u00e9m de contar com a participa\u00e7\u00e3o de parceiros internacionais na\u00a0<b>\u00c1frica do Sul, Mo\u00e7ambique, Cabo Verde, Canad\u00e1, Argentina, entre outros<\/b>. A pesquisa busca compreender as din\u00e2micas geopol\u00edticas, parcerias estrat\u00e9gicas e pol\u00edticas de defesa no continente africano, avaliando seus impactos para o Brasil e explorando alternativas para a atua\u00e7\u00e3o estrat\u00e9gica do pa\u00eds na regi\u00e3o.<\/p>\n<p>Com dura\u00e7\u00e3o de\u00a0<b>60 meses (2024-2029)<\/b>, o projeto visa\u00a0<b>fortalecer a forma\u00e7\u00e3o acad\u00eamica e t\u00e9cnica<\/b>\u00a0em temas de defesa, promovendo\u00a0<b>semin\u00e1rios internacionais, artigos cient\u00edficos e a forma\u00e7\u00e3o de mestres, doutores e p\u00f3s-doutores<\/b>. Al\u00e9m disso, busca consolidar a\u00a0<b>Rede de Estudos Africanos sobre Seguran\u00e7a e Defesa (AFRICANET)<\/b>, contribuindo para o avan\u00e7o da pesquisa acad\u00eamico-cient\u00edfica e para a formula\u00e7\u00e3o de pol\u00edticas p\u00fablicas voltadas \u00e0 Defesa Nacional.<\/p>\n<p>O projeto \u00e9 apoiado pelo\u00a0<b>Programa de Apoio ao Ensino e \u00e0 Pesquisa Cient\u00edfica e Tecnol\u00f3gica em Defesa Nacional (Pr\u00f3-Defesa V)<\/b>, uma parceria entre o\u00a0<b>Minist\u00e9rio da Defesa (MD) e a Coordena\u00e7\u00e3o de Aperfei\u00e7oamento de Pessoal de N\u00edvel Superior (CAPES), do Brasil<\/b>.<\/p>","protected":false},"excerpt":{"rendered":"<p>Seguran\u00e7a e Defesa na \u00c1frica: Caracter\u00edsticas, Mudan\u00e7as e Impactos no Entorno Estrat\u00e9gico Brasileiro O projeto\u00a0\u201cSeguran\u00e7a e Defesa na \u00c1frica : [&hellip;]<\/p>\n","protected":false},"author":7,"featured_media":0,"parent":0,"menu_order":0,"comment_status":"closed","ping_status":"closed","template":"","meta":{"_acf_changed":false,"_uag_custom_page_level_css":"","site-sidebar-layout":"default","site-content-layout":"","ast-site-content-layout":"default","site-content-style":"default","site-sidebar-style":"default","ast-global-header-display":"","ast-banner-title-visibility":"","ast-main-header-display":"","ast-hfb-above-header-display":"","ast-hfb-below-header-display":"","ast-hfb-mobile-header-display":"","site-post-title":"","ast-breadcrumbs-content":"","ast-featured-img":"","footer-sml-layout":"","theme-transparent-header-meta":"default","adv-header-id-meta":"","stick-header-meta":"","header-above-stick-meta":"","header-main-stick-meta":"","header-below-stick-meta":"","astra-migrate-meta-layouts":"set","ast-page-background-enabled":"default","ast-page-background-meta":{"desktop":{"background-color":"var(--ast-global-color-5)","background-image":"","background-repeat":"repeat","background-position":"center center","background-size":"auto","background-attachment":"scroll","background-type":"","background-media":"","overlay-type":"","overlay-color":"","overlay-opacity":"","overlay-gradient":""},"tablet":{"background-color":"","background-image":"","background-repeat":"repeat","background-position":"center center","background-size":"auto","background-attachment":"scroll","background-type":"","background-media":"","overlay-type":"","overlay-color":"","overlay-opacity":"","overlay-gradient":""},"mobile":{"background-color":"","background-image":"","background-repeat":"repeat","background-position":"center center","background-size":"auto","background-attachment":"scroll","background-type":"","background-media":"","overlay-type":"","overlay-color":"","overlay-opacity":"","overlay-gradient":""}},"ast-content-background-meta":{"desktop":{"background-color":"var(--ast-global-color-4)","background-image":"","background-repeat":"repeat","background-position":"center center","background-size":"auto","background-attachment":"scroll","background-type":"","background-media":"","overlay-type":"","overlay-color":"","overlay-opacity":"","overlay-gradient":""},"tablet":{"background-color":"var(--ast-global-color-4)","background-image":"","background-repeat":"repeat","background-position":"center center","background-size":"auto","background-attachment":"scroll","background-type":"","background-media":"","overlay-type":"","overlay-color":"","overlay-opacity":"","overlay-gradient":""},"mobile":{"background-color":"var(--ast-global-color-4)","background-image":"","background-repeat":"repeat","background-position":"center center","background-size":"auto","background-attachment":"scroll","background-type":"","background-media":"","overlay-type":"","overlay-color":"","overlay-opacity":"","overlay-gradient":""}},"footnotes":""},"class_list":["post-1445","page","type-page","status-publish","hentry"],"acf":[],"uagb_featured_image_src":{"full":false,"thumbnail":false,"medium":false,"medium_large":false,"large":false,"1536x1536":false,"2048x2048":false,"trp-custom-language-flag":false,"tainacan-small":false,"tainacan-medium":false,"tainacan-medium-full":false,"tainacan-large-full":false},"uagb_author_info":{"display_name":"Cristielson Silva de Morais","author_link":"https:\/\/africanet-security.com\/en\/author\/desenvolvedor\/"},"uagb_comment_info":0,"uagb_excerpt":"Seguran\u00e7a e Defesa na \u00c1frica: Caracter\u00edsticas, Mudan\u00e7as e Impactos no Entorno Estrat\u00e9gico Brasileiro O projeto\u00a0\u201cSeguran\u00e7a e Defesa na \u00c1frica : [&hellip;]","_links":{"self":[{"href":"https:\/\/africanet-security.com\/en\/wp-json\/wp\/v2\/pages\/1445","targetHints":{"allow":["GET"]}}],"collection":[{"href":"https:\/\/africanet-security.com\/en\/wp-json\/wp\/v2\/pages"}],"about":[{"href":"https:\/\/africanet-security.com\/en\/wp-json\/wp\/v2\/types\/page"}],"author":[{"embeddable":true,"href":"https:\/\/africanet-security.com\/en\/wp-json\/wp\/v2\/users\/7"}],"replies":[{"embeddable":true,"href":"https:\/\/africanet-security.com\/en\/wp-json\/wp\/v2\/comments?post=1445"}],"version-history":[{"count":3,"href":"https:\/\/africanet-security.com\/en\/wp-json\/wp\/v2\/pages\/1445\/revisions"}],"predecessor-version":[{"id":1653,"href":"https:\/\/africanet-security.com\/en\/wp-json\/wp\/v2\/pages\/1445\/revisions\/1653"}],"wp:attachment":[{"href":"https:\/\/africanet-security.com\/en\/wp-json\/wp\/v2\/media?parent=1445"}],"curies":[{"name":"wp","href":"https:\/\/api.w.org\/{rel}","templated":true}]}}