{"id":1506,"date":"2025-09-11T21:32:49","date_gmt":"2025-09-11T21:32:49","guid":{"rendered":"https:\/\/africanet-security.com\/?page_id=1506"},"modified":"2025-09-11T21:37:12","modified_gmt":"2025-09-11T21:37:12","slug":"todos-os-editais","status":"publish","type":"page","link":"https:\/\/africanet-security.com\/en\/todos-os-editais\/","title":{"rendered":"Editais"},"content":{"rendered":"<div data-elementor-type=\"wp-page\" data-elementor-id=\"1506\" class=\"elementor elementor-1506\" data-elementor-post-type=\"page\">\n\t\t\t\t<div class=\"elementor-element elementor-element-a76e6d8 e-flex e-con-boxed e-con e-parent\" data-id=\"a76e6d8\" data-element_type=\"container\" data-e-type=\"container\">\n\t\t\t\t\t<div class=\"e-con-inner\">\n\t\t\t\t<div class=\"elementor-element elementor-element-fa60bc0 elementor-widget elementor-widget-shortcode\" data-id=\"fa60bc0\" data-element_type=\"widget\" data-e-type=\"widget\" data-widget_type=\"shortcode.default\">\n\t\t\t\t<div class=\"elementor-widget-container\">\n\t\t\t\t\t\t\t<div class=\"elementor-shortcode\">        <div class=\"smashsoft-editais-wrapper\">\n            <div class=\"edital-filtros-container\">\n                <form role=\"search\" method=\"get\" action=\"\" data-trp-original-action=\"\"><h3><span class=\"dashicons dashicons-filter\"><\/span> Refine Search<\/h3><div class=\"edital-filtros-grid\"><div class=\"filtro-item filtro-status\">\n                    <div class=\"filtro-botoes-status\">\n                        <a href=\"\/en\/wp-json\/wp\/v2\/pages\/1506\" class=\"ativo\">All<\/a>\n                        <a href=\"\/en\/wp-json\/wp\/v2\/pages\/1506?filtro_status=aberto\" class=\"\">Abertos<\/a>\n                        <a href=\"\/en\/wp-json\/wp\/v2\/pages\/1506?filtro_status=andamento\" class=\"\">Em Andamento<\/a>\n                        <a href=\"\/en\/wp-json\/wp\/v2\/pages\/1506?filtro_status=encerrado\" class=\"\">Encerrados<\/a>\n                    <\/div><\/div><div class=\"filtro-item\"><input type=\"search\" placeholder=\"Buscar por palavra-chave...\" id=\"s_edital\" name=\"s_edital\" value=\"\"><\/div><div class=\"filtro-item\">\n                    <select name=\"filtro_ano\" id=\"filtro_ano\"><option value=\"\">Filtrar por ano<\/option><option value=\"2026\" >2026<\/option><option value=\"2025\" >2025<\/option><\/select><\/div>\n                    <div class=\"filtro-item filtro-submit\"><button type=\"submit\">Search<\/button><\/div><\/div>\n                <input type=\"hidden\" name=\"trp-form-language\" value=\"en\"\/><\/form>\n            <\/div>\n            <div class=\"edital-lista-container\">\n                        <a href=\"https:\/\/africanet-security.com\/en\/editais\/ii-seminario-internacional-seguranca-e-defesa-na-africa\/\" class=\"edital-card-link\"><article class=\"edital-card status-aberto\"><header class=\"edital-card-header\"><span class=\"edital-status\">Aberto<\/span><span class=\"edital-numero\">N\u00ba 002\/2026<\/span><\/header><div class=\"edital-card-body\"><h2>II SEMIN\u00c1RIO INTERNACIONAL SEGURAN\u00c7A E DEFESA NA \u00c1FRICA<\/h2><div class=\"edital-datas\"><div class=\"data-item\"><span class=\"dashicons dashicons-calendar-alt\"><\/span><strong>In\u00edcio:<\/strong> 17\/03\/2026<\/div><div class=\"data-item\"><span class=\"dashicons dashicons-calendar\"><\/span><strong>Fim:<\/strong> 14\/04\/2026<\/div><\/div><\/div><footer class=\"edital-card-footer\"><span>Ver Detalhes <span class=\"dashicons dashicons-arrow-right-alt2\"><\/span><\/span><\/footer><\/article><\/a>\n                        <a href=\"https:\/\/africanet-security.com\/en\/editais\/selecao-de-bolsista-de-mestrado-academico-pro-defesa-v-2026\/\" class=\"edital-card-link\"><article class=\"edital-card status-encerrado\"><header class=\"edital-card-header\"><span class=\"edital-status\">Encerrado<\/span><span class=\"edital-numero\">N\u00ba 001\/2026<\/span><\/header><div class=\"edital-card-body\"><h2>SELE\u00c7\u00c3O DE BOLSISTA DE MESTRADO ACAD\u00caMICO (PR\u00d3-DEFESA V) &#8211; 2026<\/h2><div class=\"edital-datas\"><div class=\"data-item\"><span class=\"dashicons dashicons-calendar-alt\"><\/span><strong>In\u00edcio:<\/strong> 11\/03\/2026<\/div><div class=\"data-item\"><span class=\"dashicons dashicons-calendar\"><\/span><strong>Fim:<\/strong> 20\/03\/2026<\/div><\/div><\/div><footer class=\"edital-card-footer\"><span>Ver Detalhes <span class=\"dashicons dashicons-arrow-right-alt2\"><\/span><\/span><\/footer><\/article><\/a>\n                        <a href=\"https:\/\/africanet-security.com\/en\/editais\/teste-de-edital\/\" class=\"edital-card-link\"><article class=\"edital-card status-encerrado\"><header class=\"edital-card-header\"><span class=\"edital-status\">Encerrado<\/span><span class=\"edital-numero\">N\u00ba 004<\/span><\/header><div class=\"edital-card-body\"><h2>SELE\u00c7\u00c3O DE BOLSISTA DE P\u00d3S-DOUTORADO (PR\u00d3-DEFESA V) \u2013 2025<\/h2><div class=\"edital-datas\"><div class=\"data-item\"><span class=\"dashicons dashicons-calendar-alt\"><\/span><strong>In\u00edcio:<\/strong> 11\/08\/2025<\/div><div class=\"data-item\"><span class=\"dashicons dashicons-calendar\"><\/span><strong>Fim:<\/strong> 01\/09\/2025<\/div><\/div><\/div><footer class=\"edital-card-footer\"><span>Ver Detalhes <span class=\"dashicons dashicons-arrow-right-alt2\"><\/span><\/span><\/footer><\/article><\/a>\n                        <\/div>\n                    <\/div>\n        <\/div>\n\t\t\t\t\t\t<\/div>\n\t\t\t\t<\/div>\n\t\t\t\t\t<\/div>\n\t\t\t\t<\/div>\n\t\t\t\t<\/div>","protected":false},"excerpt":{"rendered":"","protected":false},"author":7,"featured_media":0,"parent":0,"menu_order":0,"comment_status":"closed","ping_status":"closed","template":"","meta":{"_acf_changed":false,"_uag_custom_page_level_css":"","site-sidebar-layout":"no-sidebar","site-content-layout":"","ast-site-content-layout":"full-width-container","site-content-style":"default","site-sidebar-style":"default","ast-global-header-display":"","ast-banner-title-visibility":"","ast-main-header-display":"","ast-hfb-above-header-display":"","ast-hfb-below-header-display":"","ast-hfb-mobile-header-display":"","site-post-title":"","ast-breadcrumbs-content":"","ast-featured-img":"disabled","footer-sml-layout":"","theme-transparent-header-meta":"","adv-header-id-meta":"","stick-header-meta":"","header-above-stick-meta":"","header-main-stick-meta":"","header-below-stick-meta":"","astra-migrate-meta-layouts":"default","ast-page-background-enabled":"default","ast-page-background-meta":{"desktop":{"background-color":"var(--ast-global-color-5)","background-image":"","background-repeat":"repeat","background-position":"center center","background-size":"auto","background-attachment":"scroll","background-type":"","background-media":"","overlay-type":"","overlay-color":"","overlay-opacity":"","overlay-gradient":""},"tablet":{"background-color":"","background-image":"","background-repeat":"repeat","background-position":"center center","background-size":"auto","background-attachment":"scroll","background-type":"","background-media":"","overlay-type":"","overlay-color":"","overlay-opacity":"","overlay-gradient":""},"mobile":{"background-color":"","background-image":"","background-repeat":"repeat","background-position":"center center","background-size":"auto","background-attachment":"scroll","background-type":"","background-media":"","overlay-type":"","overlay-color":"","overlay-opacity":"","overlay-gradient":""}},"ast-content-background-meta":{"desktop":{"background-color":"var(--ast-global-color-4)","background-image":"","background-repeat":"repeat","background-position":"center center","background-size":"auto","background-attachment":"scroll","background-type":"","background-media":"","overlay-type":"","overlay-color":"","overlay-opacity":"","overlay-gradient":""},"tablet":{"background-color":"var(--ast-global-color-4)","background-image":"","background-repeat":"repeat","background-position":"center center","background-size":"auto","background-attachment":"scroll","background-type":"","background-media":"","overlay-type":"","overlay-color":"","overlay-opacity":"","overlay-gradient":""},"mobile":{"background-color":"var(--ast-global-color-4)","background-image":"","background-repeat":"repeat","background-position":"center center","background-size":"auto","background-attachment":"scroll","background-type":"","background-media":"","overlay-type":"","overlay-color":"","overlay-opacity":"","overlay-gradient":""}},"footnotes":""},"class_list":["post-1506","page","type-page","status-publish","hentry"],"acf":[],"uagb_featured_image_src":{"full":false,"thumbnail":false,"medium":false,"medium_large":false,"large":false,"1536x1536":false,"2048x2048":false,"trp-custom-language-flag":false,"tainacan-small":false,"tainacan-medium":false,"tainacan-medium-full":false,"tainacan-large-full":false},"uagb_author_info":{"display_name":"Cristielson Silva de Morais","author_link":"https:\/\/africanet-security.com\/en\/author\/desenvolvedor\/"},"uagb_comment_info":0,"uagb_excerpt":null,"_links":{"self":[{"href":"https:\/\/africanet-security.com\/en\/wp-json\/wp\/v2\/pages\/1506","targetHints":{"allow":["GET"]}}],"collection":[{"href":"https:\/\/africanet-security.com\/en\/wp-json\/wp\/v2\/pages"}],"about":[{"href":"https:\/\/africanet-security.com\/en\/wp-json\/wp\/v2\/types\/page"}],"author":[{"embeddable":true,"href":"https:\/\/africanet-security.com\/en\/wp-json\/wp\/v2\/users\/7"}],"replies":[{"embeddable":true,"href":"https:\/\/africanet-security.com\/en\/wp-json\/wp\/v2\/comments?post=1506"}],"version-history":[{"count":5,"href":"https:\/\/africanet-security.com\/en\/wp-json\/wp\/v2\/pages\/1506\/revisions"}],"predecessor-version":[{"id":1513,"href":"https:\/\/africanet-security.com\/en\/wp-json\/wp\/v2\/pages\/1506\/revisions\/1513"}],"wp:attachment":[{"href":"https:\/\/africanet-security.com\/en\/wp-json\/wp\/v2\/media?parent=1506"}],"curies":[{"name":"wp","href":"https:\/\/api.w.org\/{rel}","templated":true}]}}