{"id":1679,"date":"2025-10-24T11:41:13","date_gmt":"2025-10-24T11:41:13","guid":{"rendered":"https:\/\/africanet-security.com\/?page_id=1679"},"modified":"2025-10-24T11:47:01","modified_gmt":"2025-10-24T11:47:01","slug":"objetivos-e-metas","status":"publish","type":"page","link":"https:\/\/africanet-security.com\/en\/objetivos-e-metas\/","title":{"rendered":"Objetivos e Metas"},"content":{"rendered":"<p>Nosso projeto se dedica a analisar as complexas din\u00e2micas de seguran\u00e7a e defesa no continente africano e suas implica\u00e7\u00f5es para o Brasil.<\/p>\n<p><b>Objetivo Geral<\/b><\/p>\n<p>Compreender as principais din\u00e2micas, parcerias e pol\u00edticas de seguran\u00e7a e defesa do continente africano, avaliando seus impactos para o Entorno Estrat\u00e9gico brasileiro e identificando alternativas para a atua\u00e7\u00e3o estrat\u00e9gica do Brasil.<\/p>\n<p><b>Objetivos Espec\u00edficos<\/b><\/p>\n<p>Para alcan\u00e7ar nosso objetivo geral, focamos nas seguintes metas:<\/p>\n<ul>\n<li><b>Analisar a Geopol\u00edtica:<\/b> Compreender as mudan\u00e7as estruturais da geopol\u00edtica internacional e avaliar novos eixos de parcerias estrat\u00e9gicas entre pa\u00edses africanos e pot\u00eancias extra-regionais (tradicionais e emergentes) em seguran\u00e7a e defesa.<\/li>\n<li><b>Sistematizar Din\u00e2micas Regionais:<\/b> Estudar e sistematizar a configura\u00e7\u00e3o das din\u00e2micas de seguran\u00e7a regional da \u00c1frica contempor\u00e2nea, abordando os n\u00edveis dom\u00e9stico, regional, inter-regional e global.<\/li>\n<li><b>Mapear Pol\u00edticas de Defesa:<\/b> Mapear e avaliar as pol\u00edticas contempor\u00e2neas de seguran\u00e7a e defesa de pot\u00eancias regionais africanas, com especial aten\u00e7\u00e3o aos pa\u00edses da \u00c1frica Atl\u00e2ntica.<\/li>\n<li><b>Prospectar Cen\u00e1rios para o Brasil:<\/b> Prospectar e analisar cen\u00e1rios relevantes para a atua\u00e7\u00e3o brasileira em seu Entorno Estrat\u00e9gico, com foco em diplomacia de seguran\u00e7a e defesa, coopera\u00e7\u00e3o t\u00e9cnica e miss\u00f5es de paz.<\/li>\n<\/ul>","protected":false},"excerpt":{"rendered":"<p>Nosso projeto se dedica a analisar as complexas din\u00e2micas de seguran\u00e7a e defesa no continente africano e suas implica\u00e7\u00f5es para [&hellip;]<\/p>\n","protected":false},"author":1,"featured_media":0,"parent":0,"menu_order":0,"comment_status":"closed","ping_status":"closed","template":"","meta":{"_acf_changed":false,"_uag_custom_page_level_css":"","site-sidebar-layout":"default","site-content-layout":"","ast-site-content-layout":"default","site-content-style":"default","site-sidebar-style":"default","ast-global-header-display":"","ast-banner-title-visibility":"","ast-main-header-display":"","ast-hfb-above-header-display":"","ast-hfb-below-header-display":"","ast-hfb-mobile-header-display":"","site-post-title":"","ast-breadcrumbs-content":"","ast-featured-img":"","footer-sml-layout":"","theme-transparent-header-meta":"default","adv-header-id-meta":"","stick-header-meta":"","header-above-stick-meta":"","header-main-stick-meta":"","header-below-stick-meta":"","astra-migrate-meta-layouts":"set","ast-page-background-enabled":"default","ast-page-background-meta":{"desktop":{"background-color":"var(--ast-global-color-5)","background-image":"","background-repeat":"repeat","background-position":"center center","background-size":"auto","background-attachment":"scroll","background-type":"","background-media":"","overlay-type":"","overlay-color":"","overlay-opacity":"","overlay-gradient":""},"tablet":{"background-color":"","background-image":"","background-repeat":"repeat","background-position":"center center","background-size":"auto","background-attachment":"scroll","background-type":"","background-media":"","overlay-type":"","overlay-color":"","overlay-opacity":"","overlay-gradient":""},"mobile":{"background-color":"","background-image":"","background-repeat":"repeat","background-position":"center center","background-size":"auto","background-attachment":"scroll","background-type":"","background-media":"","overlay-type":"","overlay-color":"","overlay-opacity":"","overlay-gradient":""}},"ast-content-background-meta":{"desktop":{"background-color":"var(--ast-global-color-4)","background-image":"","background-repeat":"repeat","background-position":"center center","background-size":"auto","background-attachment":"scroll","background-type":"","background-media":"","overlay-type":"","overlay-color":"","overlay-opacity":"","overlay-gradient":""},"tablet":{"background-color":"var(--ast-global-color-4)","background-image":"","background-repeat":"repeat","background-position":"center center","background-size":"auto","background-attachment":"scroll","background-type":"","background-media":"","overlay-type":"","overlay-color":"","overlay-opacity":"","overlay-gradient":""},"mobile":{"background-color":"var(--ast-global-color-4)","background-image":"","background-repeat":"repeat","background-position":"center center","background-size":"auto","background-attachment":"scroll","background-type":"","background-media":"","overlay-type":"","overlay-color":"","overlay-opacity":"","overlay-gradient":""}},"footnotes":""},"class_list":["post-1679","page","type-page","status-publish","hentry"],"acf":[],"uagb_featured_image_src":{"full":false,"thumbnail":false,"medium":false,"medium_large":false,"large":false,"1536x1536":false,"2048x2048":false,"trp-custom-language-flag":false,"tainacan-small":false,"tainacan-medium":false,"tainacan-medium-full":false,"tainacan-large-full":false},"uagb_author_info":{"display_name":"Africanet","author_link":"https:\/\/africanet-security.com\/en\/author\/africanet-prodefesagmail-com\/"},"uagb_comment_info":0,"uagb_excerpt":"Nosso projeto se dedica a analisar as complexas din\u00e2micas de seguran\u00e7a e defesa no continente africano e suas implica\u00e7\u00f5es para [&hellip;]","_links":{"self":[{"href":"https:\/\/africanet-security.com\/en\/wp-json\/wp\/v2\/pages\/1679","targetHints":{"allow":["GET"]}}],"collection":[{"href":"https:\/\/africanet-security.com\/en\/wp-json\/wp\/v2\/pages"}],"about":[{"href":"https:\/\/africanet-security.com\/en\/wp-json\/wp\/v2\/types\/page"}],"author":[{"embeddable":true,"href":"https:\/\/africanet-security.com\/en\/wp-json\/wp\/v2\/users\/1"}],"replies":[{"embeddable":true,"href":"https:\/\/africanet-security.com\/en\/wp-json\/wp\/v2\/comments?post=1679"}],"version-history":[{"count":3,"href":"https:\/\/africanet-security.com\/en\/wp-json\/wp\/v2\/pages\/1679\/revisions"}],"predecessor-version":[{"id":1686,"href":"https:\/\/africanet-security.com\/en\/wp-json\/wp\/v2\/pages\/1679\/revisions\/1686"}],"wp:attachment":[{"href":"https:\/\/africanet-security.com\/en\/wp-json\/wp\/v2\/media?parent=1679"}],"curies":[{"name":"wp","href":"https:\/\/api.w.org\/{rel}","templated":true}]}}