{"id":1682,"date":"2025-10-24T11:42:18","date_gmt":"2025-10-24T11:42:18","guid":{"rendered":"https:\/\/africanet-security.com\/?page_id=1682"},"modified":"2025-10-24T12:00:47","modified_gmt":"2025-10-24T12:00:47","slug":"documentos","status":"publish","type":"page","link":"https:\/\/africanet-security.com\/en\/documentos\/","title":{"rendered":"Documentos"},"content":{"rendered":"<p>Consulte aqui o projeto completo e todos os documentos formais relacionados \u00e0s nossas atividades. Esta \u00e1rea re\u00fane nossos documentos institucionais e materiais de refer\u00eancia.<\/p>\n<ul>\n<li><a href=\"https:\/\/africanet-security.com\/wp-content\/uploads\/2025\/10\/CAPES_MD-2024-ProDefesa_Projeto-Africa_v3_pt-1.pdf\">Projeto Completo<\/a> (vers\u00e3o em portugu\u00eas);<\/li>\n<li><a href=\"https:\/\/africanet-security.com\/wp-content\/uploads\/2025\/10\/CAPES_MD-2024-ProDefesa_Projeto-Africa_v3_en-3.pdf\">Projeto Completo<\/a> (vers\u00e3o em ingl\u00eas).<\/li>\n<\/ul>","protected":false},"excerpt":{"rendered":"<p>Consulte aqui o projeto completo e todos os documentos formais relacionados \u00e0s nossas atividades. Esta \u00e1rea re\u00fane nossos documentos institucionais [&hellip;]<\/p>\n","protected":false},"author":1,"featured_media":0,"parent":0,"menu_order":0,"comment_status":"closed","ping_status":"closed","template":"","meta":{"_acf_changed":false,"_uag_custom_page_level_css":"","site-sidebar-layout":"default","site-content-layout":"","ast-site-content-layout":"default","site-content-style":"default","site-sidebar-style":"default","ast-global-header-display":"","ast-banner-title-visibility":"","ast-main-header-display":"","ast-hfb-above-header-display":"","ast-hfb-below-header-display":"","ast-hfb-mobile-header-display":"","site-post-title":"","ast-breadcrumbs-content":"","ast-featured-img":"","footer-sml-layout":"","theme-transparent-header-meta":"default","adv-header-id-meta":"","stick-header-meta":"","header-above-stick-meta":"","header-main-stick-meta":"","header-below-stick-meta":"","astra-migrate-meta-layouts":"set","ast-page-background-enabled":"default","ast-page-background-meta":{"desktop":{"background-color":"var(--ast-global-color-5)","background-image":"","background-repeat":"repeat","background-position":"center center","background-size":"auto","background-attachment":"scroll","background-type":"","background-media":"","overlay-type":"","overlay-color":"","overlay-opacity":"","overlay-gradient":""},"tablet":{"background-color":"","background-image":"","background-repeat":"repeat","background-position":"center center","background-size":"auto","background-attachment":"scroll","background-type":"","background-media":"","overlay-type":"","overlay-color":"","overlay-opacity":"","overlay-gradient":""},"mobile":{"background-color":"","background-image":"","background-repeat":"repeat","background-position":"center center","background-size":"auto","background-attachment":"scroll","background-type":"","background-media":"","overlay-type":"","overlay-color":"","overlay-opacity":"","overlay-gradient":""}},"ast-content-background-meta":{"desktop":{"background-color":"var(--ast-global-color-4)","background-image":"","background-repeat":"repeat","background-position":"center center","background-size":"auto","background-attachment":"scroll","background-type":"","background-media":"","overlay-type":"","overlay-color":"","overlay-opacity":"","overlay-gradient":""},"tablet":{"background-color":"var(--ast-global-color-4)","background-image":"","background-repeat":"repeat","background-position":"center center","background-size":"auto","background-attachment":"scroll","background-type":"","background-media":"","overlay-type":"","overlay-color":"","overlay-opacity":"","overlay-gradient":""},"mobile":{"background-color":"var(--ast-global-color-4)","background-image":"","background-repeat":"repeat","background-position":"center center","background-size":"auto","background-attachment":"scroll","background-type":"","background-media":"","overlay-type":"","overlay-color":"","overlay-opacity":"","overlay-gradient":""}},"footnotes":""},"class_list":["post-1682","page","type-page","status-publish","hentry"],"acf":[],"uagb_featured_image_src":{"full":false,"thumbnail":false,"medium":false,"medium_large":false,"large":false,"1536x1536":false,"2048x2048":false,"trp-custom-language-flag":false,"tainacan-small":false,"tainacan-medium":false,"tainacan-medium-full":false,"tainacan-large-full":false},"uagb_author_info":{"display_name":"Africanet","author_link":"https:\/\/africanet-security.com\/en\/author\/africanet-prodefesagmail-com\/"},"uagb_comment_info":0,"uagb_excerpt":"Consulte aqui o projeto completo e todos os documentos formais relacionados \u00e0s nossas atividades. Esta \u00e1rea re\u00fane nossos documentos institucionais [&hellip;]","_links":{"self":[{"href":"https:\/\/africanet-security.com\/en\/wp-json\/wp\/v2\/pages\/1682","targetHints":{"allow":["GET"]}}],"collection":[{"href":"https:\/\/africanet-security.com\/en\/wp-json\/wp\/v2\/pages"}],"about":[{"href":"https:\/\/africanet-security.com\/en\/wp-json\/wp\/v2\/types\/page"}],"author":[{"embeddable":true,"href":"https:\/\/africanet-security.com\/en\/wp-json\/wp\/v2\/users\/1"}],"replies":[{"embeddable":true,"href":"https:\/\/africanet-security.com\/en\/wp-json\/wp\/v2\/comments?post=1682"}],"version-history":[{"count":3,"href":"https:\/\/africanet-security.com\/en\/wp-json\/wp\/v2\/pages\/1682\/revisions"}],"predecessor-version":[{"id":1694,"href":"https:\/\/africanet-security.com\/en\/wp-json\/wp\/v2\/pages\/1682\/revisions\/1694"}],"wp:attachment":[{"href":"https:\/\/africanet-security.com\/en\/wp-json\/wp\/v2\/media?parent=1682"}],"curies":[{"name":"wp","href":"https:\/\/api.w.org\/{rel}","templated":true}]}}