{"id":1732,"date":"2025-10-30T11:31:07","date_gmt":"2025-10-30T11:31:07","guid":{"rendered":"https:\/\/africanet-security.com\/?page_id=1732"},"modified":"2025-11-05T02:40:02","modified_gmt":"2025-11-05T02:40:02","slug":"programas-de-pos-graduacao","status":"publish","type":"page","link":"https:\/\/africanet-security.com\/en\/programas-de-pos-graduacao\/","title":{"rendered":"Programas de P\u00f3s-Gradua\u00e7\u00e3o"},"content":{"rendered":"<div data-elementor-type=\"wp-page\" data-elementor-id=\"1732\" class=\"elementor elementor-1732\" data-elementor-post-type=\"page\">\n\t\t\t\t<div class=\"elementor-element elementor-element-a21ce98 e-flex e-con-boxed e-con e-parent\" data-id=\"a21ce98\" data-element_type=\"container\" data-e-type=\"container\">\n\t\t\t\t\t<div class=\"e-con-inner\">\n\t\t\t\t<div class=\"elementor-element elementor-element-172c5a5 elementor-widget elementor-widget-shortcode\" data-id=\"172c5a5\" data-element_type=\"widget\" data-e-type=\"widget\" data-widget_type=\"shortcode.default\">\n\t\t\t\t<div class=\"elementor-widget-container\">\n\t\t\t\t\t\t\t<div class=\"elementor-shortcode\">\n    <div class=\"filtros-publicacoes-wrapper\">\n        <div class=\"filtro-header\">\n            <h3 class=\"filtro-titulo\">Refine Search<\/h3>\n        <\/div>\n\n        \n        <form role=\"search\" method=\"get\" class=\"filtros-publicacoes-form\" action=\"\" data-trp-original-action=\"\">\n            <div class=\"campo-filtro\">\n                <input type=\"text\" name=\"s_programa\" id=\"s_programa\" placeholder=\"Keyword...\" value=\"\">\n            <\/div>\n            \n                        \n            <div class=\"campo-filtro-submit\">\n                <button type=\"submit\" class=\"botao-filtrar\" aria-label=\"Filtrar programas\">\n                    <svg xmlns=\"http:\/\/www.w3.org\/2000\/svg\" width=\"16\" height=\"16\" fill=\"currentColor\" viewbox=\"0 0 16 16\" class=\"icone-botao\">\n                        <path d=\"M11.742 10.344a6.5 6.5 0 1 0-1.397 1.398h-.001c.03.04.062.078.098.115l3.85 3.85a1 1 0 0 0 1.415-1.414l-3.85-3.85a1.007 1.007 0 0 0-.115-.1zM12 6.5a5.5 5.5 0 1 1-11 0 5.5 5.5 0 0 1 11 0z\"\/>\n                    <\/svg>\n                    <span>Search<\/span>\n                <\/button>\n            <\/div>\n        <input type=\"hidden\" name=\"trp-form-language\" value=\"en\"\/><\/form>\n    <\/div>\n\n    \n    <div class=\"lista-publicacoes-grid\">\n                                                    <article id=\"post-1756\" class=\"item-publicacao-wrap post-1756 programa_pos type-programa_pos status-publish has-post-thumbnail hentry\">\n                    <a href=\"https:\/\/africanet-security.com\/en\/programa-pos\/programa-de-pos-graduacao-em-geografia-ppggeo-ufrr\/\" class=\"item-publicacao-link\">\n                        <img fetchpriority=\"high\" decoding=\"async\" width=\"225\" height=\"225\" src=\"https:\/\/africanet-security.com\/wp-content\/uploads\/2025\/11\/image-3.png\" class=\"attachment-large size-large wp-post-image\" alt=\"\" srcset=\"https:\/\/africanet-security.com\/wp-content\/uploads\/2025\/11\/image-3.png 225w, https:\/\/africanet-security.com\/wp-content\/uploads\/2025\/11\/image-3-150x150.png 150w, https:\/\/africanet-security.com\/wp-content\/uploads\/2025\/11\/image-3-40x40.png 40w, https:\/\/africanet-security.com\/wp-content\/uploads\/2025\/11\/image-3-205x205.png 205w\" sizes=\"(max-width: 225px) 100vw, 225px\" \/>                        <div class=\"item-overlay\">\n                            <h2 class=\"item-titulo-overlay\">Programa de P\u00f3s-Gradua\u00e7\u00e3o em Geografia (PPGGEO\/UFRR)<\/h2>\n                                                            <p class=\"programa-pos-link\">https:\/\/ufrr.br\/PPGGEO\/<\/p>\n                                                    <\/div>\n                    <\/a>\n                <\/article>\n                                            <article id=\"post-1753\" class=\"item-publicacao-wrap post-1753 programa_pos type-programa_pos status-publish has-post-thumbnail hentry\">\n                    <a href=\"https:\/\/africanet-security.com\/en\/programa-pos\/programa-de-pos-graduacao-em-ciencia-politica-ppgcp-ufrgs\/\" class=\"item-publicacao-link\">\n                        <img decoding=\"async\" width=\"1024\" height=\"822\" src=\"https:\/\/africanet-security.com\/wp-content\/uploads\/2025\/11\/Design-sem-nome-81-1024x822.png\" class=\"attachment-large size-large wp-post-image\" alt=\"\" srcset=\"https:\/\/africanet-security.com\/wp-content\/uploads\/2025\/11\/Design-sem-nome-81-1024x822.png 1024w, https:\/\/africanet-security.com\/wp-content\/uploads\/2025\/11\/Design-sem-nome-81-300x241.png 300w, https:\/\/africanet-security.com\/wp-content\/uploads\/2025\/11\/Design-sem-nome-81-768x617.png 768w, https:\/\/africanet-security.com\/wp-content\/uploads\/2025\/11\/Design-sem-nome-81-205x165.png 205w, https:\/\/africanet-security.com\/wp-content\/uploads\/2025\/11\/Design-sem-nome-81-480x385.png 480w, https:\/\/africanet-security.com\/wp-content\/uploads\/2025\/11\/Design-sem-nome-81.png 1345w\" sizes=\"(max-width: 1024px) 100vw, 1024px\" \/>                        <div class=\"item-overlay\">\n                            <h2 class=\"item-titulo-overlay\">Programa de P\u00f3s-Gradua\u00e7\u00e3o em Ci\u00eancia Pol\u00edtica (PPGCP\/UFRGS)<\/h2>\n                                                            <p class=\"programa-pos-link\">https:\/\/www.ufrgs.br\/politica\/<\/p>\n                                                    <\/div>\n                    <\/a>\n                <\/article>\n                                            <article id=\"post-1750\" class=\"item-publicacao-wrap post-1750 programa_pos type-programa_pos status-publish has-post-thumbnail hentry\">\n                    <a href=\"https:\/\/africanet-security.com\/en\/programa-pos\/programa-de-pos-graduacao-em-ciencias-militares-ppgcm-eceme\/\" class=\"item-publicacao-link\">\n                        <img decoding=\"async\" width=\"969\" height=\"1024\" src=\"https:\/\/africanet-security.com\/wp-content\/uploads\/2025\/11\/Design-sem-nome-71-969x1024.png\" class=\"attachment-large size-large wp-post-image\" alt=\"\" srcset=\"https:\/\/africanet-security.com\/wp-content\/uploads\/2025\/11\/Design-sem-nome-71-969x1024.png 969w, https:\/\/africanet-security.com\/wp-content\/uploads\/2025\/11\/Design-sem-nome-71-284x300.png 284w, https:\/\/africanet-security.com\/wp-content\/uploads\/2025\/11\/Design-sem-nome-71-768x812.png 768w, https:\/\/africanet-security.com\/wp-content\/uploads\/2025\/11\/Design-sem-nome-71-205x217.png 205w, https:\/\/africanet-security.com\/wp-content\/uploads\/2025\/11\/Design-sem-nome-71-480x507.png 480w, https:\/\/africanet-security.com\/wp-content\/uploads\/2025\/11\/Design-sem-nome-71.png 1022w\" sizes=\"(max-width: 969px) 100vw, 969px\" \/>                        <div class=\"item-overlay\">\n                            <h2 class=\"item-titulo-overlay\">Programa de P\u00f3s-Gradua\u00e7\u00e3o em Ci\u00eancias Militares (PPGCM\/ECEME)<\/h2>\n                                                            <p class=\"programa-pos-link\">https:\/\/ppgcm.eceme.eb.mil.br\/index.php\/pt\/<\/p>\n                                                    <\/div>\n                    <\/a>\n                <\/article>\n                                            <article id=\"post-1747\" class=\"item-publicacao-wrap post-1747 programa_pos type-programa_pos status-publish has-post-thumbnail hentry\">\n                    <a href=\"https:\/\/africanet-security.com\/en\/programa-pos\/programa-de-pos-graduacao-em-relacoes-internacionais-ppgri-ufsm\/\" class=\"item-publicacao-link\">\n                        <img loading=\"lazy\" decoding=\"async\" width=\"1000\" height=\"1000\" src=\"https:\/\/africanet-security.com\/wp-content\/uploads\/2025\/11\/PPGRIAE1.jpg\" class=\"attachment-large size-large wp-post-image\" alt=\"\" srcset=\"https:\/\/africanet-security.com\/wp-content\/uploads\/2025\/11\/PPGRIAE1.jpg 1000w, https:\/\/africanet-security.com\/wp-content\/uploads\/2025\/11\/PPGRIAE1-300x300.jpg 300w, https:\/\/africanet-security.com\/wp-content\/uploads\/2025\/11\/PPGRIAE1-150x150.jpg 150w, https:\/\/africanet-security.com\/wp-content\/uploads\/2025\/11\/PPGRIAE1-768x768.jpg 768w, https:\/\/africanet-security.com\/wp-content\/uploads\/2025\/11\/PPGRIAE1-40x40.jpg 40w, https:\/\/africanet-security.com\/wp-content\/uploads\/2025\/11\/PPGRIAE1-275x275.jpg 275w, https:\/\/africanet-security.com\/wp-content\/uploads\/2025\/11\/PPGRIAE1-205x205.jpg 205w, https:\/\/africanet-security.com\/wp-content\/uploads\/2025\/11\/PPGRIAE1-480x480.jpg 480w\" sizes=\"(max-width: 1000px) 100vw, 1000px\" \/>                        <div class=\"item-overlay\">\n                            <h2 class=\"item-titulo-overlay\">Programa de P\u00f3s-Gradua\u00e7\u00e3o em Rela\u00e7\u00f5es Internacionais (PPGRI\/UFSM)<\/h2>\n                                                            <p class=\"programa-pos-link\">https:\/\/www.ufsm.br\/cursos\/pos-graduacao\/santa-maria\/ppgri<\/p>\n                                                    <\/div>\n                    <\/a>\n                <\/article>\n                        \n            <div class=\"paginacao-publicacoes\">\n                            <\/div>\n                        <\/div>\n\n    <style>\n    .filtro-botao {\n        padding: 10px 20px;\n        background: #f0f0f0;\n        border: 1px solid #ddd;\n        text-decoration: none;\n        color: #333;\n        border-radius: 5px;\n        transition: all 0.3s ease;\n    }\n    .filtro-botao:hover {\n        background: #0073aa;\n        color: #fff;\n        border-color: #0073aa;\n    }\n    .filtro-botao.ativo {\n        background: #0073aa;\n        color: #fff;\n        border-color: #0073aa;\n    }\n    <\/style>\n\n    <\/div>\n\t\t\t\t\t\t<\/div>\n\t\t\t\t<\/div>\n\t\t\t\t\t<\/div>\n\t\t\t\t<\/div>\n\t\t\t\t<\/div>","protected":false},"excerpt":{"rendered":"","protected":false},"author":1,"featured_media":0,"parent":0,"menu_order":0,"comment_status":"closed","ping_status":"closed","template":"","meta":{"_acf_changed":false,"_uag_custom_page_level_css":"","site-sidebar-layout":"no-sidebar","site-content-layout":"","ast-site-content-layout":"full-width-container","site-content-style":"default","site-sidebar-style":"default","ast-global-header-display":"","ast-banner-title-visibility":"","ast-main-header-display":"","ast-hfb-above-header-display":"","ast-hfb-below-header-display":"","ast-hfb-mobile-header-display":"","site-post-title":"","ast-breadcrumbs-content":"","ast-featured-img":"disabled","footer-sml-layout":"","theme-transparent-header-meta":"","adv-header-id-meta":"","stick-header-meta":"","header-above-stick-meta":"","header-main-stick-meta":"","header-below-stick-meta":"","astra-migrate-meta-layouts":"default","ast-page-background-enabled":"default","ast-page-background-meta":{"desktop":{"background-color":"var(--ast-global-color-5)","background-image":"","background-repeat":"repeat","background-position":"center center","background-size":"auto","background-attachment":"scroll","background-type":"","background-media":"","overlay-type":"","overlay-color":"","overlay-opacity":"","overlay-gradient":""},"tablet":{"background-color":"","background-image":"","background-repeat":"repeat","background-position":"center center","background-size":"auto","background-attachment":"scroll","background-type":"","background-media":"","overlay-type":"","overlay-color":"","overlay-opacity":"","overlay-gradient":""},"mobile":{"background-color":"","background-image":"","background-repeat":"repeat","background-position":"center center","background-size":"auto","background-attachment":"scroll","background-type":"","background-media":"","overlay-type":"","overlay-color":"","overlay-opacity":"","overlay-gradient":""}},"ast-content-background-meta":{"desktop":{"background-color":"var(--ast-global-color-4)","background-image":"","background-repeat":"repeat","background-position":"center center","background-size":"auto","background-attachment":"scroll","background-type":"","background-media":"","overlay-type":"","overlay-color":"","overlay-opacity":"","overlay-gradient":""},"tablet":{"background-color":"var(--ast-global-color-4)","background-image":"","background-repeat":"repeat","background-position":"center center","background-size":"auto","background-attachment":"scroll","background-type":"","background-media":"","overlay-type":"","overlay-color":"","overlay-opacity":"","overlay-gradient":""},"mobile":{"background-color":"var(--ast-global-color-4)","background-image":"","background-repeat":"repeat","background-position":"center center","background-size":"auto","background-attachment":"scroll","background-type":"","background-media":"","overlay-type":"","overlay-color":"","overlay-opacity":"","overlay-gradient":""}},"footnotes":""},"class_list":["post-1732","page","type-page","status-publish","hentry"],"acf":[],"uagb_featured_image_src":{"full":false,"thumbnail":false,"medium":false,"medium_large":false,"large":false,"1536x1536":false,"2048x2048":false,"trp-custom-language-flag":false,"tainacan-small":false,"tainacan-medium":false,"tainacan-medium-full":false,"tainacan-large-full":false},"uagb_author_info":{"display_name":"Africanet","author_link":"https:\/\/africanet-security.com\/en\/author\/africanet-prodefesagmail-com\/"},"uagb_comment_info":0,"uagb_excerpt":null,"_links":{"self":[{"href":"https:\/\/africanet-security.com\/en\/wp-json\/wp\/v2\/pages\/1732","targetHints":{"allow":["GET"]}}],"collection":[{"href":"https:\/\/africanet-security.com\/en\/wp-json\/wp\/v2\/pages"}],"about":[{"href":"https:\/\/africanet-security.com\/en\/wp-json\/wp\/v2\/types\/page"}],"author":[{"embeddable":true,"href":"https:\/\/africanet-security.com\/en\/wp-json\/wp\/v2\/users\/1"}],"replies":[{"embeddable":true,"href":"https:\/\/africanet-security.com\/en\/wp-json\/wp\/v2\/comments?post=1732"}],"version-history":[{"count":4,"href":"https:\/\/africanet-security.com\/en\/wp-json\/wp\/v2\/pages\/1732\/revisions"}],"predecessor-version":[{"id":1745,"href":"https:\/\/africanet-security.com\/en\/wp-json\/wp\/v2\/pages\/1732\/revisions\/1745"}],"wp:attachment":[{"href":"https:\/\/africanet-security.com\/en\/wp-json\/wp\/v2\/media?parent=1732"}],"curies":[{"name":"wp","href":"https:\/\/api.w.org\/{rel}","templated":true}]}}