{"id":1996,"date":"2026-02-18T13:53:22","date_gmt":"2026-02-18T13:53:22","guid":{"rendered":"https:\/\/africanet-security.com\/?page_id=1996"},"modified":"2026-02-18T14:11:35","modified_gmt":"2026-02-18T14:11:35","slug":"envio-de-conteudo","status":"publish","type":"page","link":"https:\/\/africanet-security.com\/en\/envio-de-conteudo\/","title":{"rendered":"Pol\u00edtica de Divulga\u00e7\u00e3o"},"content":{"rendered":"<div class=\"wp-block-uagb-container uagb-block-1f8c0899 alignfull uagb-is-root-container\"><div class=\"uagb-container-inner-blocks-wrap\">\n<p>Com o objetivo de dar maior visibilidade \u00e0 produ\u00e7\u00e3o acad\u00eamica e \u00e0s atividades de todos\/as os\/as pesquisadores\/as que comp\u00f5em a <strong>Rede de Estudos Africanos em Seguran\u00e7a e Defesa (AFRICANET)<\/strong>, estamos implementando um novo fluxo para a atualiza\u00e7\u00e3o do nosso site. Para que, assim, o nosso site seja um reflexo de tudo o que \u00e9 produzido na rede, em suas mais diversas institui\u00e7\u00f5es. Para isso, centralizamos o recebimento de informa\u00e7\u00f5es em um \u00fanico canal, um formul\u00e1rio de coleta de informa\u00e7\u00f5es.<\/p>\n\n\n\n<p><strong>Escopo de Divulga\u00e7\u00e3o<\/strong><\/p>\n\n\n\n<p>Os conte\u00fados pass\u00edveis de publica\u00e7\u00e3o abrangem:<\/p>\n\n\n\n<ul class=\"wp-block-list\">\n<li><strong>Produ\u00e7\u00e3o Bibliogr\u00e1fica:<\/strong> Artigos cient\u00edficos, livros, cap\u00edtulos e resenhas;<\/li>\n\n\n\n<li><strong>Eventos Acad\u00eamicos:<\/strong> Semin\u00e1rios, palestras, congressos e reuni\u00f5es de grupos de pesquisa;<\/li>\n\n\n\n<li><strong>Oportunidades e Editais:<\/strong> Editais de bolsas, chamadas para submiss\u00e3o de artigos e vagas em projetos de pesquisa;<\/li>\n\n\n\n<li><strong>Atividade Institucional:<\/strong> Defesas de teses e disserta\u00e7\u00f5es, premia\u00e7\u00f5es e inser\u00e7\u00f5es dos pesquisadores na m\u00eddia;<\/li>\n\n\n\n<li><strong>Not\u00edcias relevantes:<\/strong> Para o boletim.<\/li>\n<\/ul>\n\n\n\n<p><\/p>\n\n\n\n<p><strong>Procedimento de Envio<\/strong><\/p>\n\n\n\n<p>Para assegurar a integridade e a padroniza\u00e7\u00e3o dos dados, os envios dever\u00e3o ser realizados exclusivamente pelo formul\u00e1rio eletr\u00f4nico. Ressaltamos que a colabora\u00e7\u00e3o dos <strong>bolsistas<\/strong> de cada institui\u00e7\u00e3o ser\u00e1 de suma import\u00e2ncia para o mapeamento e a regularidade das submiss\u00f5es locais. As informa\u00e7\u00f5es recebidas ser\u00e3o submetidas \u00e0 revis\u00e3o e publicadas no nosso site.<\/p>\n<\/div><\/div>\n\n\n\n<div data-aos= \"zoom-in\" data-aos-duration=\"400\" data-aos-delay=\"0\" data-aos-easing=\"ease\" data-aos-once=\"true\" class=\"wp-block-uagb-buttons uagb-buttons__outer-wrap uagb-btn__medium-btn uagb-btn-tablet__default-btn uagb-btn-mobile__default-btn uagb-block-093985be\"><div class=\"uagb-buttons__wrap uagb-buttons-layout-wrap\">\n<div class=\"wp-block-uagb-buttons-child uagb-buttons__outer-wrap uagb-block-afad63a4 wp-block-button\"><div class=\"uagb-button__wrapper\"><a class=\"uagb-buttons-repeater wp-block-button__link\" aria-label=\"\" href=\"https:\/\/forms.gle\/48z26Es8zxmRc8bM6\" rel=\"follow noopener\" target=\"_blank\" role=\"button\"><div class=\"uagb-button__link\">Acesse aqui o formul\u00e1rio!<\/div><\/a><\/div><\/div>\n<\/div><\/div>\n\n\n\n<div class=\"wp-block-uagb-container uagb-block-d803ff8c alignfull uagb-is-root-container\"><div class=\"uagb-container-inner-blocks-wrap\">\n<div class=\"wp-block-uagb-container uagb-block-60976ea0\"><\/div>\n\n\n\n<div class=\"wp-block-uagb-container uagb-block-85f21c13\"><\/div>\n\n\n\n<div class=\"wp-block-uagb-container uagb-block-6faf8bdc\"><\/div>\n<\/div><\/div>\n\n\n\n<p><\/p>","protected":false},"excerpt":{"rendered":"<p>Com o objetivo de dar maior visibilidade \u00e0 produ\u00e7\u00e3o acad\u00eamica e \u00e0s atividades de todos\/as os\/as pesquisadores\/as que comp\u00f5em a [&hellip;]<\/p>\n","protected":false},"author":1,"featured_media":0,"parent":0,"menu_order":0,"comment_status":"closed","ping_status":"closed","template":"","meta":{"_acf_changed":false,"_uag_custom_page_level_css":"","site-sidebar-layout":"default","site-content-layout":"","ast-site-content-layout":"default","site-content-style":"default","site-sidebar-style":"default","ast-global-header-display":"","ast-banner-title-visibility":"","ast-main-header-display":"","ast-hfb-above-header-display":"","ast-hfb-below-header-display":"","ast-hfb-mobile-header-display":"","site-post-title":"","ast-breadcrumbs-content":"","ast-featured-img":"","footer-sml-layout":"","theme-transparent-header-meta":"","adv-header-id-meta":"","stick-header-meta":"","header-above-stick-meta":"","header-main-stick-meta":"","header-below-stick-meta":"","astra-migrate-meta-layouts":"default","ast-page-background-enabled":"default","ast-page-background-meta":{"desktop":{"background-color":"var(--ast-global-color-5)","background-image":"","background-repeat":"repeat","background-position":"center center","background-size":"auto","background-attachment":"scroll","background-type":"","background-media":"","overlay-type":"","overlay-color":"","overlay-opacity":"","overlay-gradient":""},"tablet":{"background-color":"","background-image":"","background-repeat":"repeat","background-position":"center center","background-size":"auto","background-attachment":"scroll","background-type":"","background-media":"","overlay-type":"","overlay-color":"","overlay-opacity":"","overlay-gradient":""},"mobile":{"background-color":"","background-image":"","background-repeat":"repeat","background-position":"center center","background-size":"auto","background-attachment":"scroll","background-type":"","background-media":"","overlay-type":"","overlay-color":"","overlay-opacity":"","overlay-gradient":""}},"ast-content-background-meta":{"desktop":{"background-color":"var(--ast-global-color-4)","background-image":"","background-repeat":"repeat","background-position":"center center","background-size":"auto","background-attachment":"scroll","background-type":"","background-media":"","overlay-type":"","overlay-color":"","overlay-opacity":"","overlay-gradient":""},"tablet":{"background-color":"var(--ast-global-color-4)","background-image":"","background-repeat":"repeat","background-position":"center center","background-size":"auto","background-attachment":"scroll","background-type":"","background-media":"","overlay-type":"","overlay-color":"","overlay-opacity":"","overlay-gradient":""},"mobile":{"background-color":"var(--ast-global-color-4)","background-image":"","background-repeat":"repeat","background-position":"center center","background-size":"auto","background-attachment":"scroll","background-type":"","background-media":"","overlay-type":"","overlay-color":"","overlay-opacity":"","overlay-gradient":""}},"footnotes":""},"class_list":["post-1996","page","type-page","status-publish","hentry"],"acf":[],"uagb_featured_image_src":{"full":false,"thumbnail":false,"medium":false,"medium_large":false,"large":false,"1536x1536":false,"2048x2048":false,"trp-custom-language-flag":false,"tainacan-small":false,"tainacan-medium":false,"tainacan-medium-full":false,"tainacan-large-full":false},"uagb_author_info":{"display_name":"Africanet","author_link":"https:\/\/africanet-security.com\/en\/author\/africanet-prodefesagmail-com\/"},"uagb_comment_info":0,"uagb_excerpt":"Com o objetivo de dar maior visibilidade \u00e0 produ\u00e7\u00e3o acad\u00eamica e \u00e0s atividades de todos\/as os\/as pesquisadores\/as que comp\u00f5em a [&hellip;]","_links":{"self":[{"href":"https:\/\/africanet-security.com\/en\/wp-json\/wp\/v2\/pages\/1996","targetHints":{"allow":["GET"]}}],"collection":[{"href":"https:\/\/africanet-security.com\/en\/wp-json\/wp\/v2\/pages"}],"about":[{"href":"https:\/\/africanet-security.com\/en\/wp-json\/wp\/v2\/types\/page"}],"author":[{"embeddable":true,"href":"https:\/\/africanet-security.com\/en\/wp-json\/wp\/v2\/users\/1"}],"replies":[{"embeddable":true,"href":"https:\/\/africanet-security.com\/en\/wp-json\/wp\/v2\/comments?post=1996"}],"version-history":[{"count":10,"href":"https:\/\/africanet-security.com\/en\/wp-json\/wp\/v2\/pages\/1996\/revisions"}],"predecessor-version":[{"id":2011,"href":"https:\/\/africanet-security.com\/en\/wp-json\/wp\/v2\/pages\/1996\/revisions\/2011"}],"wp:attachment":[{"href":"https:\/\/africanet-security.com\/en\/wp-json\/wp\/v2\/media?parent=1996"}],"curies":[{"name":"wp","href":"https:\/\/api.w.org\/{rel}","templated":true}]}}