{"id":39,"date":"2025-03-24T04:47:16","date_gmt":"2025-03-24T04:47:16","guid":{"rendered":"https:\/\/bisque-sheep-635938.hostingersite.com\/?page_id=39"},"modified":"2025-10-24T11:56:18","modified_gmt":"2025-10-24T11:56:18","slug":"eixos-de-pesquisa","status":"publish","type":"page","link":"https:\/\/africanet-security.com\/en\/eixos-de-pesquisa\/","title":{"rendered":"Eixos de Pesquisa"},"content":{"rendered":"<p><span style=\"font-weight: 400;\">As bases te\u00f3ricas para a an\u00e1lise da Seguran\u00e7a e Defesa da \u00c1frica aqui situam-se em uma perspectiva epistemol\u00f3gica e metate\u00f3rica adequada aos esfor\u00e7os de produ\u00e7\u00e3o de pol\u00edticas p\u00fablicas alinhadas aos desafios contextuais e amparada pelo conhecimento cient\u00edfico constitu\u00eddo em dire\u00e7\u00e3o \u00e0 solu\u00e7\u00e3o de problemas te\u00f3rico-conceituais e emp\u00edricos prementes (LAUDAN, 1977). Esse perspectiva est\u00e1 alinhada \u00e0s inova\u00e7\u00f5es epistemol\u00f3gicas e te\u00f3ricas mais recentes de campo das Rela\u00e7\u00f5es Internacionais e dos Estudos Estrat\u00e9gicos, que denunciam a lacuna de ambas as \u00e1reas em compreender realidades e contextos locais particulares, que n\u00e3o se adequam automaticamente \u00e0s proposi\u00e7\u00f5es te\u00f3ricas mainstream do campo (LAKE, 2013).<\/span><\/p>\n<p><span style=\"font-weight: 400;\">Nesse ponto de vista, pesquisas produzidas em um pa\u00eds com Brasil, de passado colonial e exclus\u00e3o social, marcado pela inser\u00e7\u00e3o dependente e assim\u00e9trica no sistema internacional, precisam ter consci\u00eancia dessa realidade e refletir sobre formas solid\u00e1rias de garantir desenvolvimento, seguran\u00e7a e soberania nas suas rela\u00e7\u00f5es internacionais. Tal perspectiva compreende a seguran\u00e7a regional situada no contexto do Sul\/Terceiro Mundo, como um ambiente complexo decorrente de estruturas e processos integrados, multidimensional e multin\u00edvel das Rela\u00e7\u00f5es Internacionais, com base em quatro dimens\u00f5es priorit\u00e1rias.<\/span><\/p>\n<p><img fetchpriority=\"high\" decoding=\"async\" class=\"wp-image-1689 aligncenter\" src=\"https:\/\/africanet-security.com\/wp-content\/uploads\/2025\/10\/Design-sem-nome-6-300x169.jpg\" alt=\"\" width=\"831\" height=\"468\" srcset=\"https:\/\/africanet-security.com\/wp-content\/uploads\/2025\/10\/Design-sem-nome-6-300x169.jpg 300w, https:\/\/africanet-security.com\/wp-content\/uploads\/2025\/10\/Design-sem-nome-6-1024x576.jpg 1024w, https:\/\/africanet-security.com\/wp-content\/uploads\/2025\/10\/Design-sem-nome-6-768x432.jpg 768w, https:\/\/africanet-security.com\/wp-content\/uploads\/2025\/10\/Design-sem-nome-6-1536x864.jpg 1536w, https:\/\/africanet-security.com\/wp-content\/uploads\/2025\/10\/Design-sem-nome-6-205x115.jpg 205w, https:\/\/africanet-security.com\/wp-content\/uploads\/2025\/10\/Design-sem-nome-6-480x270.jpg 480w, https:\/\/africanet-security.com\/wp-content\/uploads\/2025\/10\/Design-sem-nome-6.jpg 1920w\" sizes=\"(max-width: 831px) 100vw, 831px\" \/><\/p>\n<p>&nbsp;<\/p>\n<p><span style=\"font-weight: 400;\">Para entender melhor a proposta anal\u00edtica adotada, voc\u00ea pode acessar a explica\u00e7\u00e3o detalhada de cada uma das quatro dimens\u00f5es priorit\u00e1rias no menu Eixos de Pesquisa. Cada aba traz uma abordagem espec\u00edfica, aprofundando os elementos que comp\u00f5em a vis\u00e3o multidimensional e integrada da seguran\u00e7a regional no contexto africano, com foco no Sul Global. Essa organiza\u00e7\u00e3o facilita a navega\u00e7\u00e3o e oferece uma compreens\u00e3o mais completa dos fundamentos que orientam os estudos aqui desenvolvidos.<\/span><\/p>\n<h5><strong>Mudan\u00e7as Estruturais e Eixos de Parcerias Estrat\u00e9gicas<\/strong><\/h5>\n<p><span style=\"font-weight: 400;\">Na primeira dimens\u00e3o, est\u00e1 a estrutura assim\u00e9trica e desigual do sistema internacional e mudan\u00e7as estruturais associadas a transi\u00e7\u00f5es econ\u00f4micas e \u00e0 ascens\u00e3o e ao decl\u00ednio do poder pol\u00edtico de grandes pot\u00eancias. Tais mudan\u00e7as produzem interesses renovados e proje\u00e7\u00e3o renovada de diferentes parceiros estrat\u00e9gicos externos em regi\u00f5es perif\u00e9ricas (EUA, China, R\u00fassia, Uni\u00e3o Europeia, Reino Unido, \u00cdndia, Brasil, Turquia, etc) e espa\u00e7os, eixos de a\u00e7\u00e3o e capacidade de barganha para pa\u00edses dessas regi\u00f5es, inclusive nas \u00e1reas de Seguran\u00e7a e Defesa (HALLIDAY, 1987, 1999; BRUCAN, 1983).<\/span><\/p>\n<h5><strong>Din\u00e2micas Integradas e Multin\u00edveis de Seguran\u00e7a e Defesa<\/strong><\/h5>\n<p><span style=\"font-weight: 400;\">A segunda dimens\u00e3o ressalta a configura\u00e7\u00e3o das din\u00e2micas de seguran\u00e7a regionais, integradas de modo complexo e influenciadas em variadas intensidades por processos em n\u00edveis dom\u00e9sticos, regionais, inter-regionais e globais. O fundamento te\u00f3rico dessa dimens\u00e3o s\u00e3o as teorias de seguran\u00e7a do Terceiro Mundo, que sustentam que a integra\u00e7\u00e3o securit\u00e1ria de pa\u00edses do Sul s\u00e3o caracterizadas pelo transbordamento de instabilidades internas, que ocultam rivalidades interestatais profundas e transbordam pelas fronteiras nacionais integrando regi\u00f5es em complexas rela\u00e7\u00f5es (BUZAN, 1983; AYOOB, 1991, 1995; AZAR; MOON, 1988).<\/span><\/p>\n<h5><strong>Pol\u00edticas de Seguran\u00e7a e Defesa de Pot\u00eancias Regionais e Pa\u00edses da \u00c1frica Atl\u00e2ntica<\/strong><\/h5>\n<p><span style=\"font-weight: 400;\">A terceira dimens\u00e3o, contudo, estabelece que, mesmo na fragilidade, Estados do Sul, em geral, e da \u00c1frica, em particular, possuem espa\u00e7o de a\u00e7\u00e3o e condi\u00e7\u00f5es de estabelecerem prioridades estrat\u00e9gicas, manifestas ou n\u00e3o, em sua pol\u00edtica externa e pol\u00edticas de seguran\u00e7a e defesa. Sobretudo pot\u00eancias regionais possuem prioridades estrat\u00e9gicas e pol\u00edticas pr\u00f3prias que geram resultados concretos em termos de alian\u00e7as e rivalidades e no contexto da seguran\u00e7a regional, muitas vezes ignorados por grandes pot\u00eancias e pesquisas superficiais (CLAPHAM, 1996; CHAZAN et al., 1999).<\/span><\/p>\n<h5><strong>Cen\u00e1rios para Atua\u00e7\u00e3o Brasileira em seu Entorno Estrat\u00e9gico<\/strong><\/h5>\n<p><span style=\"font-weight: 400;\">A quarta dimens\u00e3o te\u00f3rico-anal\u00edtica, situa a compreens\u00e3o da realidade no contexto social em que a pesquisa se insere, qual seja, da sua relev\u00e2ncia para a Defesa Nacional do Brasil e a estabilidade de seu Entorno Estrat\u00e9gico. Cabe aqui, portanto, o mapeamento de riscos e a produ\u00e7\u00e3o de cen\u00e1rios relevantes que envolvem atua\u00e7\u00e3o brasileira em eventos capazes de afetar direta e indiretamente o seu Entorno Estrat\u00e9gico. Nas condi\u00e7\u00f5es da atua\u00e7\u00e3o brasileira, importam sobretudo pr\u00e1ticas alinhadas \u00e0 pol\u00edtica externa do pa\u00eds, tais como a diplomacia de seguran\u00e7a e defesa, coopera\u00e7\u00e3o t\u00e9cnica e miss\u00f5es de paz (VISENTINI, 2016).<\/span><\/p>","protected":false},"excerpt":{"rendered":"<p>As bases te\u00f3ricas para a an\u00e1lise da Seguran\u00e7a e Defesa da \u00c1frica aqui situam-se em uma perspectiva epistemol\u00f3gica e metate\u00f3rica [&hellip;]<\/p>\n","protected":false},"author":1,"featured_media":0,"parent":0,"menu_order":0,"comment_status":"closed","ping_status":"closed","template":"","meta":{"_acf_changed":false,"_uag_custom_page_level_css":"","site-sidebar-layout":"no-sidebar","site-content-layout":"","ast-site-content-layout":"full-width-container","site-content-style":"default","site-sidebar-style":"default","ast-global-header-display":"","ast-banner-title-visibility":"","ast-main-header-display":"","ast-hfb-above-header-display":"","ast-hfb-below-header-display":"","ast-hfb-mobile-header-display":"","site-post-title":"","ast-breadcrumbs-content":"","ast-featured-img":"disabled","footer-sml-layout":"","theme-transparent-header-meta":"default","adv-header-id-meta":"","stick-header-meta":"","header-above-stick-meta":"","header-main-stick-meta":"","header-below-stick-meta":"","astra-migrate-meta-layouts":"set","ast-page-background-enabled":"default","ast-page-background-meta":{"desktop":{"background-color":"var(--ast-global-color-5)","background-image":"","background-repeat":"repeat","background-position":"center center","background-size":"auto","background-attachment":"scroll","background-type":"","background-media":"","overlay-type":"","overlay-color":"","overlay-opacity":"","overlay-gradient":""},"tablet":{"background-color":"","background-image":"","background-repeat":"repeat","background-position":"center center","background-size":"auto","background-attachment":"scroll","background-type":"","background-media":"","overlay-type":"","overlay-color":"","overlay-opacity":"","overlay-gradient":""},"mobile":{"background-color":"","background-image":"","background-repeat":"repeat","background-position":"center center","background-size":"auto","background-attachment":"scroll","background-type":"","background-media":"","overlay-type":"","overlay-color":"","overlay-opacity":"","overlay-gradient":""}},"ast-content-background-meta":{"desktop":{"background-color":"var(--ast-global-color-4)","background-image":"","background-repeat":"repeat","background-position":"center center","background-size":"auto","background-attachment":"scroll","background-type":"","background-media":"","overlay-type":"","overlay-color":"","overlay-opacity":"","overlay-gradient":""},"tablet":{"background-color":"var(--ast-global-color-4)","background-image":"","background-repeat":"repeat","background-position":"center center","background-size":"auto","background-attachment":"scroll","background-type":"","background-media":"","overlay-type":"","overlay-color":"","overlay-opacity":"","overlay-gradient":""},"mobile":{"background-color":"var(--ast-global-color-4)","background-image":"","background-repeat":"repeat","background-position":"center center","background-size":"auto","background-attachment":"scroll","background-type":"","background-media":"","overlay-type":"","overlay-color":"","overlay-opacity":"","overlay-gradient":""}},"footnotes":""},"class_list":["post-39","page","type-page","status-publish","hentry"],"acf":[],"uagb_featured_image_src":{"full":false,"thumbnail":false,"medium":false,"medium_large":false,"large":false,"1536x1536":false,"2048x2048":false,"trp-custom-language-flag":false,"tainacan-small":false,"tainacan-medium":false,"tainacan-medium-full":false,"tainacan-large-full":false},"uagb_author_info":{"display_name":"Africanet","author_link":"https:\/\/africanet-security.com\/en\/author\/africanet-prodefesagmail-com\/"},"uagb_comment_info":0,"uagb_excerpt":"As bases te\u00f3ricas para a an\u00e1lise da Seguran\u00e7a e Defesa da \u00c1frica aqui situam-se em uma perspectiva epistemol\u00f3gica e metate\u00f3rica [&hellip;]","_links":{"self":[{"href":"https:\/\/africanet-security.com\/en\/wp-json\/wp\/v2\/pages\/39","targetHints":{"allow":["GET"]}}],"collection":[{"href":"https:\/\/africanet-security.com\/en\/wp-json\/wp\/v2\/pages"}],"about":[{"href":"https:\/\/africanet-security.com\/en\/wp-json\/wp\/v2\/types\/page"}],"author":[{"embeddable":true,"href":"https:\/\/africanet-security.com\/en\/wp-json\/wp\/v2\/users\/1"}],"replies":[{"embeddable":true,"href":"https:\/\/africanet-security.com\/en\/wp-json\/wp\/v2\/comments?post=39"}],"version-history":[{"count":19,"href":"https:\/\/africanet-security.com\/en\/wp-json\/wp\/v2\/pages\/39\/revisions"}],"predecessor-version":[{"id":1690,"href":"https:\/\/africanet-security.com\/en\/wp-json\/wp\/v2\/pages\/39\/revisions\/1690"}],"wp:attachment":[{"href":"https:\/\/africanet-security.com\/en\/wp-json\/wp\/v2\/media?parent=39"}],"curies":[{"name":"wp","href":"https:\/\/api.w.org\/{rel}","templated":true}]}}