{"id":41,"date":"2025-03-24T04:47:34","date_gmt":"2025-03-24T04:47:34","guid":{"rendered":"https:\/\/bisque-sheep-635938.hostingersite.com\/?page_id=41"},"modified":"2025-09-09T14:26:58","modified_gmt":"2025-09-09T14:26:58","slug":"eventos-e-seminarios","status":"publish","type":"page","link":"https:\/\/africanet-security.com\/en\/eventos-e-seminarios\/","title":{"rendered":"Eventos e Semin\u00e1rios"},"content":{"rendered":"<div data-elementor-type=\"wp-page\" data-elementor-id=\"41\" class=\"elementor elementor-41\" data-elementor-post-type=\"page\">\n\t\t\t\t<div class=\"elementor-element elementor-element-bb8519a e-flex e-con-boxed e-con e-parent\" data-id=\"bb8519a\" data-element_type=\"container\" data-e-type=\"container\">\n\t\t\t\t\t<div class=\"e-con-inner\">\n\t\t\t\t<div class=\"elementor-element elementor-element-743c6ae elementor-widget elementor-widget-shortcode\" data-id=\"743c6ae\" data-element_type=\"widget\" data-e-type=\"widget\" data-widget_type=\"shortcode.default\">\n\t\t\t\t<div class=\"elementor-widget-container\">\n\t\t\t\t\t\t\t<div class=\"elementor-shortcode\">\n    <!-- Bot\u00f5es de Filtro - S\u00f3 aparece se houver par\u00e2metro type E filtros encontrados -->\n    \n\n    <!-- Formul\u00e1rio de Busca - SEMPRE vis\u00edvel -->\n    <div class=\"filtros-publicacoes-wrapper\">\n        <div class=\"filtro-header\">\n            <h3 class=\"filtro-titulo\">Refine Search<\/h3>\n        <\/div>\n\t\t        <form role=\"search\" method=\"get\" class=\"filtros-publicacoes-form\" action=\"\" data-trp-original-action=\"\">\n            <div class=\"campo-filtro\">\n                <input type=\"text\" name=\"s_publicacao\" id=\"s_publicacao\" placeholder=\"Keyword...\" value=\"\">\n            <\/div>\n           \n            <div class=\"campo-filtro-submit\">\n                <button type=\"submit\" class=\"botao-filtrar\" aria-label=\"Filtrar publica\u00e7\u00f5es\">\n                    <svg xmlns=\"http:\/\/www.w3.org\/2000\/svg\" width=\"16\" height=\"16\" fill=\"currentColor\" viewbox=\"0 0 16 16\" class=\"icone-botao\">\n                      <path d=\"M11.742 10.344a6.5 6.5 0 1 0-1.397 1.398h-.001c.03.04.062.078.098.115l3.85 3.85a1 1 0 0 0 1.415-1.414l-3.85-3.85a1.007 1.007 0 0 0-.115-.1zM12 6.5a5.5 5.5 0 1 1-11 0 5.5 5.5 0 0 1 11 0z\"\/>\n                    <\/svg>\n                    <span>Search<\/span>\n                <\/button>\n            <\/div>\n        <input type=\"hidden\" name=\"trp-form-language\" value=\"en\"\/><\/form>\n    <\/div>\n\n    \n    <div class=\"lista-publicacoes-grid\">\n                                    <article id=\"post-2109\" class=\"item-publicacao-wrap post-2109 publicacao type-publicacao status-publish has-post-thumbnail hentry tipo_publicacao-noticia\">\n                    <a href=\"https:\/\/africanet-security.com\/en\/publicacao\/excelencia-em-estudos-africanos-rbea-ufrgs-e-classificada-como-qualis-a3\/\" class=\"item-publicacao-link\">\n                        <img fetchpriority=\"high\" decoding=\"async\" width=\"1024\" height=\"1024\" src=\"https:\/\/africanet-security.com\/wp-content\/uploads\/2026\/03\/RBEA-qualis-A3-Rafaela-Serpa-1024x1024.jpeg\" class=\"attachment-large size-large wp-post-image\" alt=\"\" srcset=\"https:\/\/africanet-security.com\/wp-content\/uploads\/2026\/03\/RBEA-qualis-A3-Rafaela-Serpa-1024x1024.jpeg 1024w, https:\/\/africanet-security.com\/wp-content\/uploads\/2026\/03\/RBEA-qualis-A3-Rafaela-Serpa-300x300.jpeg 300w, https:\/\/africanet-security.com\/wp-content\/uploads\/2026\/03\/RBEA-qualis-A3-Rafaela-Serpa-150x150.jpeg 150w, https:\/\/africanet-security.com\/wp-content\/uploads\/2026\/03\/RBEA-qualis-A3-Rafaela-Serpa-768x768.jpeg 768w, https:\/\/africanet-security.com\/wp-content\/uploads\/2026\/03\/RBEA-qualis-A3-Rafaela-Serpa-12x12.jpeg 12w, https:\/\/africanet-security.com\/wp-content\/uploads\/2026\/03\/RBEA-qualis-A3-Rafaela-Serpa-40x40.jpeg 40w, https:\/\/africanet-security.com\/wp-content\/uploads\/2026\/03\/RBEA-qualis-A3-Rafaela-Serpa-275x275.jpeg 275w, https:\/\/africanet-security.com\/wp-content\/uploads\/2026\/03\/RBEA-qualis-A3-Rafaela-Serpa-205x205.jpeg 205w, https:\/\/africanet-security.com\/wp-content\/uploads\/2026\/03\/RBEA-qualis-A3-Rafaela-Serpa-480x480.jpeg 480w, https:\/\/africanet-security.com\/wp-content\/uploads\/2026\/03\/RBEA-qualis-A3-Rafaela-Serpa.jpeg 1080w\" sizes=\"(max-width: 1024px) 100vw, 1024px\" \/>                        <div class=\"item-overlay\">\n                            <h2 class=\"item-titulo-overlay\">Excel\u00eancia em Estudos Africanos: RBEA\/UFRGS \u00e9 classificada como Qualis A3<\/h2>\n                        <\/div>\n                    <\/a>\n                <\/article>\n                            <article id=\"post-2079\" class=\"item-publicacao-wrap post-2079 publicacao type-publicacao status-publish has-post-thumbnail hentry tipo_publicacao-evento\">\n                    <a href=\"https:\/\/africanet-security.com\/en\/publicacao\/ii-seminario-internacional-seguranca-e-defesa-na-africa\/\" class=\"item-publicacao-link\">\n                        <img decoding=\"async\" width=\"800\" height=\"800\" src=\"https:\/\/africanet-security.com\/wp-content\/uploads\/2026\/03\/Versao-final.png\" class=\"attachment-large size-large wp-post-image\" alt=\"\" srcset=\"https:\/\/africanet-security.com\/wp-content\/uploads\/2026\/03\/Versao-final.png 800w, https:\/\/africanet-security.com\/wp-content\/uploads\/2026\/03\/Versao-final-300x300.png 300w, https:\/\/africanet-security.com\/wp-content\/uploads\/2026\/03\/Versao-final-150x150.png 150w, https:\/\/africanet-security.com\/wp-content\/uploads\/2026\/03\/Versao-final-768x768.png 768w, https:\/\/africanet-security.com\/wp-content\/uploads\/2026\/03\/Versao-final-12x12.png 12w, https:\/\/africanet-security.com\/wp-content\/uploads\/2026\/03\/Versao-final-40x40.png 40w, https:\/\/africanet-security.com\/wp-content\/uploads\/2026\/03\/Versao-final-275x275.png 275w, https:\/\/africanet-security.com\/wp-content\/uploads\/2026\/03\/Versao-final-205x205.png 205w, https:\/\/africanet-security.com\/wp-content\/uploads\/2026\/03\/Versao-final-480x480.png 480w\" sizes=\"(max-width: 800px) 100vw, 800px\" \/>                        <div class=\"item-overlay\">\n                            <h2 class=\"item-titulo-overlay\">II Semin\u00e1rio Internacional Seguran\u00e7a e Defesa na \u00c1frica<\/h2>\n                        <\/div>\n                    <\/a>\n                <\/article>\n                            <article id=\"post-2057\" class=\"item-publicacao-wrap post-2057 publicacao type-publicacao status-publish has-post-thumbnail hentry tipo_publicacao-livro\">\n                    <a href=\"https:\/\/africanet-security.com\/en\/publicacao\/livro-amazonia-descortinada-nas-relacoes-internacionais\/\" class=\"item-publicacao-link\">\n                        <img decoding=\"async\" width=\"547\" height=\"786\" src=\"https:\/\/africanet-security.com\/wp-content\/uploads\/2026\/02\/Captura-de-tela-2026-02-25-175811.jpg\" class=\"attachment-large size-large wp-post-image\" alt=\"\" srcset=\"https:\/\/africanet-security.com\/wp-content\/uploads\/2026\/02\/Captura-de-tela-2026-02-25-175811.jpg 547w, https:\/\/africanet-security.com\/wp-content\/uploads\/2026\/02\/Captura-de-tela-2026-02-25-175811-209x300.jpg 209w, https:\/\/africanet-security.com\/wp-content\/uploads\/2026\/02\/Captura-de-tela-2026-02-25-175811-8x12.jpg 8w, https:\/\/africanet-security.com\/wp-content\/uploads\/2026\/02\/Captura-de-tela-2026-02-25-175811-205x295.jpg 205w, https:\/\/africanet-security.com\/wp-content\/uploads\/2026\/02\/Captura-de-tela-2026-02-25-175811-480x690.jpg 480w\" sizes=\"(max-width: 547px) 100vw, 547px\" \/>                        <div class=\"item-overlay\">\n                            <h2 class=\"item-titulo-overlay\">Livro: Amaz\u00f4nia: Descortinada nas Rela\u00e7\u00f5es Internacionais<\/h2>\n                        <\/div>\n                    <\/a>\n                <\/article>\n                            <article id=\"post-2054\" class=\"item-publicacao-wrap post-2054 publicacao type-publicacao status-publish has-post-thumbnail hentry tipo_publicacao-livro\">\n                    <a href=\"https:\/\/africanet-security.com\/en\/publicacao\/livro-corrupcao-uma-imersao-epistemologica\/\" class=\"item-publicacao-link\">\n                        <img loading=\"lazy\" decoding=\"async\" width=\"546\" height=\"786\" src=\"https:\/\/africanet-security.com\/wp-content\/uploads\/2026\/02\/Captura-de-tela-2026-02-25-175529.jpg\" class=\"attachment-large size-large wp-post-image\" alt=\"\" srcset=\"https:\/\/africanet-security.com\/wp-content\/uploads\/2026\/02\/Captura-de-tela-2026-02-25-175529.jpg 546w, https:\/\/africanet-security.com\/wp-content\/uploads\/2026\/02\/Captura-de-tela-2026-02-25-175529-208x300.jpg 208w, https:\/\/africanet-security.com\/wp-content\/uploads\/2026\/02\/Captura-de-tela-2026-02-25-175529-8x12.jpg 8w, https:\/\/africanet-security.com\/wp-content\/uploads\/2026\/02\/Captura-de-tela-2026-02-25-175529-205x295.jpg 205w, https:\/\/africanet-security.com\/wp-content\/uploads\/2026\/02\/Captura-de-tela-2026-02-25-175529-480x691.jpg 480w\" sizes=\"(max-width: 546px) 100vw, 546px\" \/>                        <div class=\"item-overlay\">\n                            <h2 class=\"item-titulo-overlay\">Livro: Corrup\u00e7\u00e3o: Uma Imers\u00e3o Epistemol\u00f3gica<\/h2>\n                        <\/div>\n                    <\/a>\n                <\/article>\n                            <article id=\"post-2044\" class=\"item-publicacao-wrap post-2044 publicacao type-publicacao status-publish has-post-thumbnail hentry tipo_publicacao-livro\">\n                    <a href=\"https:\/\/africanet-security.com\/en\/publicacao\/livro-geopolitica-da-seguranca-internacional-a-otica-regional-da-america-do-sul\/\" class=\"item-publicacao-link\">\n                        <img loading=\"lazy\" decoding=\"async\" width=\"548\" height=\"783\" src=\"https:\/\/africanet-security.com\/wp-content\/uploads\/2026\/02\/Captura-de-tela-2026-02-25-163150.jpg\" class=\"attachment-large size-large wp-post-image\" alt=\"\" srcset=\"https:\/\/africanet-security.com\/wp-content\/uploads\/2026\/02\/Captura-de-tela-2026-02-25-163150.jpg 548w, https:\/\/africanet-security.com\/wp-content\/uploads\/2026\/02\/Captura-de-tela-2026-02-25-163150-210x300.jpg 210w, https:\/\/africanet-security.com\/wp-content\/uploads\/2026\/02\/Captura-de-tela-2026-02-25-163150-8x12.jpg 8w, https:\/\/africanet-security.com\/wp-content\/uploads\/2026\/02\/Captura-de-tela-2026-02-25-163150-205x293.jpg 205w, https:\/\/africanet-security.com\/wp-content\/uploads\/2026\/02\/Captura-de-tela-2026-02-25-163150-480x686.jpg 480w\" sizes=\"(max-width: 548px) 100vw, 548px\" \/>                        <div class=\"item-overlay\">\n                            <h2 class=\"item-titulo-overlay\">Livro: Geopol\u00edtica da Seguran\u00e7a Internacional: A \u00d3tica Regional da Am\u00e9rica do Sul<\/h2>\n                        <\/div>\n                    <\/a>\n                <\/article>\n                            <article id=\"post-2041\" class=\"item-publicacao-wrap post-2041 publicacao type-publicacao status-publish has-post-thumbnail hentry tipo_publicacao-livro\">\n                    <a href=\"https:\/\/africanet-security.com\/en\/publicacao\/livro-direito-temas-contextos\/\" class=\"item-publicacao-link\">\n                        <img loading=\"lazy\" decoding=\"async\" width=\"546\" height=\"787\" src=\"https:\/\/africanet-security.com\/wp-content\/uploads\/2026\/02\/Captura-de-tela-2026-02-25-162823.jpg\" class=\"attachment-large size-large wp-post-image\" alt=\"\" srcset=\"https:\/\/africanet-security.com\/wp-content\/uploads\/2026\/02\/Captura-de-tela-2026-02-25-162823.jpg 546w, https:\/\/africanet-security.com\/wp-content\/uploads\/2026\/02\/Captura-de-tela-2026-02-25-162823-208x300.jpg 208w, https:\/\/africanet-security.com\/wp-content\/uploads\/2026\/02\/Captura-de-tela-2026-02-25-162823-8x12.jpg 8w, https:\/\/africanet-security.com\/wp-content\/uploads\/2026\/02\/Captura-de-tela-2026-02-25-162823-205x295.jpg 205w, https:\/\/africanet-security.com\/wp-content\/uploads\/2026\/02\/Captura-de-tela-2026-02-25-162823-480x692.jpg 480w\" sizes=\"(max-width: 546px) 100vw, 546px\" \/>                        <div class=\"item-overlay\">\n                            <h2 class=\"item-titulo-overlay\">Livro: Direito: Temas &#038; Contextos<\/h2>\n                        <\/div>\n                    <\/a>\n                <\/article>\n                            <article id=\"post-2038\" class=\"item-publicacao-wrap post-2038 publicacao type-publicacao status-publish has-post-thumbnail hentry tipo_publicacao-livro\">\n                    <a href=\"https:\/\/africanet-security.com\/en\/publicacao\/livro-geohistoria-paisagem-e-nacionalidade-nos-registros-de-viagem\/\" class=\"item-publicacao-link\">\n                        <img loading=\"lazy\" decoding=\"async\" width=\"545\" height=\"778\" src=\"https:\/\/africanet-security.com\/wp-content\/uploads\/2026\/02\/Captura-de-tela-2026-02-25-162511.jpg\" class=\"attachment-large size-large wp-post-image\" alt=\"\" srcset=\"https:\/\/africanet-security.com\/wp-content\/uploads\/2026\/02\/Captura-de-tela-2026-02-25-162511.jpg 545w, https:\/\/africanet-security.com\/wp-content\/uploads\/2026\/02\/Captura-de-tela-2026-02-25-162511-210x300.jpg 210w, https:\/\/africanet-security.com\/wp-content\/uploads\/2026\/02\/Captura-de-tela-2026-02-25-162511-8x12.jpg 8w, https:\/\/africanet-security.com\/wp-content\/uploads\/2026\/02\/Captura-de-tela-2026-02-25-162511-205x293.jpg 205w, https:\/\/africanet-security.com\/wp-content\/uploads\/2026\/02\/Captura-de-tela-2026-02-25-162511-480x685.jpg 480w\" sizes=\"(max-width: 545px) 100vw, 545px\" \/>                        <div class=\"item-overlay\">\n                            <h2 class=\"item-titulo-overlay\">Livro: Geohist\u00f3ria: Paisagem e Nacionalidade nos Registros de Viagem<\/h2>\n                        <\/div>\n                    <\/a>\n                <\/article>\n                            <article id=\"post-2035\" class=\"item-publicacao-wrap post-2035 publicacao type-publicacao status-publish has-post-thumbnail hentry tipo_publicacao-livro\">\n                    <a href=\"https:\/\/africanet-security.com\/en\/publicacao\/livro-geopolitica-da-seguranca-internacional-a-otica-das-organizacoes-de-cooperacao-em-defesa\/\" class=\"item-publicacao-link\">\n                        <img loading=\"lazy\" decoding=\"async\" width=\"547\" height=\"781\" src=\"https:\/\/africanet-security.com\/wp-content\/uploads\/2026\/02\/Captura-de-tela-2026-02-25-162046.jpg\" class=\"attachment-large size-large wp-post-image\" alt=\"\" srcset=\"https:\/\/africanet-security.com\/wp-content\/uploads\/2026\/02\/Captura-de-tela-2026-02-25-162046.jpg 547w, https:\/\/africanet-security.com\/wp-content\/uploads\/2026\/02\/Captura-de-tela-2026-02-25-162046-210x300.jpg 210w, https:\/\/africanet-security.com\/wp-content\/uploads\/2026\/02\/Captura-de-tela-2026-02-25-162046-8x12.jpg 8w, https:\/\/africanet-security.com\/wp-content\/uploads\/2026\/02\/Captura-de-tela-2026-02-25-162046-205x293.jpg 205w, https:\/\/africanet-security.com\/wp-content\/uploads\/2026\/02\/Captura-de-tela-2026-02-25-162046-480x685.jpg 480w\" sizes=\"(max-width: 547px) 100vw, 547px\" \/>                        <div class=\"item-overlay\">\n                            <h2 class=\"item-titulo-overlay\">Livro: Geopol\u00edtica da Seguran\u00e7a Internacional: A \u00d3tica das Organiza\u00e7\u00f5es de Coopera\u00e7\u00e3o em Defesa<\/h2>\n                        <\/div>\n                    <\/a>\n                <\/article>\n                            <article id=\"post-2029\" class=\"item-publicacao-wrap post-2029 publicacao type-publicacao status-publish has-post-thumbnail hentry tipo_publicacao-livro\">\n                    <a href=\"https:\/\/africanet-security.com\/en\/publicacao\/livro-geohistoria-viagens-e-viajantes-no-seculo-xix\/\" class=\"item-publicacao-link\">\n                        <img loading=\"lazy\" decoding=\"async\" width=\"542\" height=\"776\" src=\"https:\/\/africanet-security.com\/wp-content\/uploads\/2026\/02\/Captura-de-tela-2026-02-25-161308.jpg\" class=\"attachment-large size-large wp-post-image\" alt=\"\" srcset=\"https:\/\/africanet-security.com\/wp-content\/uploads\/2026\/02\/Captura-de-tela-2026-02-25-161308.jpg 542w, https:\/\/africanet-security.com\/wp-content\/uploads\/2026\/02\/Captura-de-tela-2026-02-25-161308-210x300.jpg 210w, https:\/\/africanet-security.com\/wp-content\/uploads\/2026\/02\/Captura-de-tela-2026-02-25-161308-8x12.jpg 8w, https:\/\/africanet-security.com\/wp-content\/uploads\/2026\/02\/Captura-de-tela-2026-02-25-161308-205x294.jpg 205w, https:\/\/africanet-security.com\/wp-content\/uploads\/2026\/02\/Captura-de-tela-2026-02-25-161308-480x687.jpg 480w\" sizes=\"(max-width: 542px) 100vw, 542px\" \/>                        <div class=\"item-overlay\">\n                            <h2 class=\"item-titulo-overlay\">Livro: Geohist\u00f3ria: Viagens e Viajantes no S\u00e9culo XIX<\/h2>\n                        <\/div>\n                    <\/a>\n                <\/article>\n                            <article id=\"post-2026\" class=\"item-publicacao-wrap post-2026 publicacao type-publicacao status-publish has-post-thumbnail hentry tipo_publicacao-livro\">\n                    <a href=\"https:\/\/africanet-security.com\/en\/publicacao\/livro-vozes-do-carcere-invisibilidade-das-migrantes-venezuelanas\/\" class=\"item-publicacao-link\">\n                        <img loading=\"lazy\" decoding=\"async\" width=\"537\" height=\"772\" src=\"https:\/\/africanet-security.com\/wp-content\/uploads\/2026\/02\/Captura-de-tela-2026-02-25-160813.jpg\" class=\"attachment-large size-large wp-post-image\" alt=\"\" srcset=\"https:\/\/africanet-security.com\/wp-content\/uploads\/2026\/02\/Captura-de-tela-2026-02-25-160813.jpg 537w, https:\/\/africanet-security.com\/wp-content\/uploads\/2026\/02\/Captura-de-tela-2026-02-25-160813-209x300.jpg 209w, https:\/\/africanet-security.com\/wp-content\/uploads\/2026\/02\/Captura-de-tela-2026-02-25-160813-8x12.jpg 8w, https:\/\/africanet-security.com\/wp-content\/uploads\/2026\/02\/Captura-de-tela-2026-02-25-160813-205x295.jpg 205w, https:\/\/africanet-security.com\/wp-content\/uploads\/2026\/02\/Captura-de-tela-2026-02-25-160813-480x690.jpg 480w\" sizes=\"(max-width: 537px) 100vw, 537px\" \/>                        <div class=\"item-overlay\">\n                            <h2 class=\"item-titulo-overlay\">Livro: Vozes do C\u00e1rcere: Invisibilidade das Migrantes Venezuelanas<\/h2>\n                        <\/div>\n                    <\/a>\n                <\/article>\n                            <article id=\"post-1992\" class=\"item-publicacao-wrap post-1992 publicacao type-publicacao status-publish has-post-thumbnail hentry tipo_publicacao-noticia\">\n                    <a href=\"https:\/\/africanet-security.com\/en\/publicacao\/revista-debates-lanca-dossie-sobre-africa-e-pos-hegemonia\/\" class=\"item-publicacao-link\">\n                        <img loading=\"lazy\" decoding=\"async\" width=\"819\" height=\"1024\" src=\"https:\/\/africanet-security.com\/wp-content\/uploads\/2026\/02\/Post-Dossie-Debates-819x1024.jpg\" class=\"attachment-large size-large wp-post-image\" alt=\"\" srcset=\"https:\/\/africanet-security.com\/wp-content\/uploads\/2026\/02\/Post-Dossie-Debates-819x1024.jpg 819w, https:\/\/africanet-security.com\/wp-content\/uploads\/2026\/02\/Post-Dossie-Debates-240x300.jpg 240w, https:\/\/africanet-security.com\/wp-content\/uploads\/2026\/02\/Post-Dossie-Debates-768x960.jpg 768w, https:\/\/africanet-security.com\/wp-content\/uploads\/2026\/02\/Post-Dossie-Debates-10x12.jpg 10w, https:\/\/africanet-security.com\/wp-content\/uploads\/2026\/02\/Post-Dossie-Debates-205x256.jpg 205w, https:\/\/africanet-security.com\/wp-content\/uploads\/2026\/02\/Post-Dossie-Debates-480x600.jpg 480w, https:\/\/africanet-security.com\/wp-content\/uploads\/2026\/02\/Post-Dossie-Debates.jpg 1080w\" sizes=\"(max-width: 819px) 100vw, 819px\" \/>                        <div class=\"item-overlay\">\n                            <h2 class=\"item-titulo-overlay\">Revista Debates Lan\u00e7a Dossi\u00ea sobre \u00c1frica e P\u00f3s-Hegemonia<\/h2>\n                        <\/div>\n                    <\/a>\n                <\/article>\n                            <article id=\"post-1989\" class=\"item-publicacao-wrap post-1989 publicacao type-publicacao status-publish has-post-thumbnail hentry tipo_publicacao-livro\">\n                    <a href=\"https:\/\/africanet-security.com\/en\/publicacao\/livro-geografia-em-roraima-um-tributo-a-altiva-barbosa-da-silva\/\" class=\"item-publicacao-link\">\n                        <img loading=\"lazy\" decoding=\"async\" width=\"547\" height=\"778\" src=\"https:\/\/africanet-security.com\/wp-content\/uploads\/2026\/02\/Captura-de-tela-2026-02-13-104102.jpg\" class=\"attachment-large size-large wp-post-image\" alt=\"\" srcset=\"https:\/\/africanet-security.com\/wp-content\/uploads\/2026\/02\/Captura-de-tela-2026-02-13-104102.jpg 547w, https:\/\/africanet-security.com\/wp-content\/uploads\/2026\/02\/Captura-de-tela-2026-02-13-104102-211x300.jpg 211w, https:\/\/africanet-security.com\/wp-content\/uploads\/2026\/02\/Captura-de-tela-2026-02-13-104102-8x12.jpg 8w, https:\/\/africanet-security.com\/wp-content\/uploads\/2026\/02\/Captura-de-tela-2026-02-13-104102-205x292.jpg 205w, https:\/\/africanet-security.com\/wp-content\/uploads\/2026\/02\/Captura-de-tela-2026-02-13-104102-480x683.jpg 480w\" sizes=\"(max-width: 547px) 100vw, 547px\" \/>                        <div class=\"item-overlay\">\n                            <h2 class=\"item-titulo-overlay\">Livro: Geografia em Roraima: Um Tributo a Altiva Barbosa da Silva<\/h2>\n                        <\/div>\n                    <\/a>\n                <\/article>\n                        \n            <div class=\"paginacao-publicacoes\">\n                <ul class='page-numbers'>\n\t<li><span aria-current=\"page\" class=\"page-numbers current\">1<\/span><\/li>\n\t<li><a class=\"page-numbers\" href=\"https:\/\/africanet-security.com\/wp-json\/wp\/v2\/pages\/41\/page\/2\/\">2<\/a><\/li>\n\t<li><a class=\"page-numbers\" href=\"https:\/\/africanet-security.com\/wp-json\/wp\/v2\/pages\/41\/page\/3\/\">3<\/a><\/li>\n\t<li><span class=\"page-numbers dots\">&hellip;<\/span><\/li>\n\t<li><a class=\"page-numbers\" href=\"https:\/\/africanet-security.com\/wp-json\/wp\/v2\/pages\/41\/page\/5\/\">5<\/a><\/li>\n\t<li><a class=\"next page-numbers\" href=\"https:\/\/africanet-security.com\/wp-json\/wp\/v2\/pages\/41\/page\/2\/\">&raquo;<\/a><\/li>\n<\/ul>\n            <\/div>\n                        <\/div>\n\n\n    <style>\n    .filtro-botao:hover {\n        background: #0073aa !important;\n        color: #fff !important;\n        border-color: #0073aa !important;\n    }\n    .filtro-botao.ativo {\n        background: #0073aa !important;\n        color: #fff !important;\n        border-color: #0073aa !important;\n    }\n    <\/style>\n\n    <\/div>\n\t\t\t\t\t\t<\/div>\n\t\t\t\t<\/div>\n\t\t\t\t\t<\/div>\n\t\t\t\t<\/div>\n\t\t\t\t<\/div>","protected":false},"excerpt":{"rendered":"","protected":false},"author":1,"featured_media":0,"parent":0,"menu_order":0,"comment_status":"closed","ping_status":"closed","template":"","meta":{"_acf_changed":false,"_uag_custom_page_level_css":"","site-sidebar-layout":"no-sidebar","site-content-layout":"","ast-site-content-layout":"full-width-container","site-content-style":"default","site-sidebar-style":"default","ast-global-header-display":"","ast-banner-title-visibility":"","ast-main-header-display":"","ast-hfb-above-header-display":"","ast-hfb-below-header-display":"","ast-hfb-mobile-header-display":"","site-post-title":"","ast-breadcrumbs-content":"","ast-featured-img":"disabled","footer-sml-layout":"","theme-transparent-header-meta":"","adv-header-id-meta":"","stick-header-meta":"","header-above-stick-meta":"","header-main-stick-meta":"","header-below-stick-meta":"","astra-migrate-meta-layouts":"default","ast-page-background-enabled":"default","ast-page-background-meta":{"desktop":{"background-color":"var(--ast-global-color-5)","background-image":"","background-repeat":"repeat","background-position":"center center","background-size":"auto","background-attachment":"scroll","background-type":"","background-media":"","overlay-type":"","overlay-color":"","overlay-opacity":"","overlay-gradient":""},"tablet":{"background-color":"","background-image":"","background-repeat":"repeat","background-position":"center center","background-size":"auto","background-attachment":"scroll","background-type":"","background-media":"","overlay-type":"","overlay-color":"","overlay-opacity":"","overlay-gradient":""},"mobile":{"background-color":"","background-image":"","background-repeat":"repeat","background-position":"center center","background-size":"auto","background-attachment":"scroll","background-type":"","background-media":"","overlay-type":"","overlay-color":"","overlay-opacity":"","overlay-gradient":""}},"ast-content-background-meta":{"desktop":{"background-color":"var(--ast-global-color-4)","background-image":"","background-repeat":"repeat","background-position":"center center","background-size":"auto","background-attachment":"scroll","background-type":"","background-media":"","overlay-type":"","overlay-color":"","overlay-opacity":"","overlay-gradient":""},"tablet":{"background-color":"var(--ast-global-color-4)","background-image":"","background-repeat":"repeat","background-position":"center center","background-size":"auto","background-attachment":"scroll","background-type":"","background-media":"","overlay-type":"","overlay-color":"","overlay-opacity":"","overlay-gradient":""},"mobile":{"background-color":"var(--ast-global-color-4)","background-image":"","background-repeat":"repeat","background-position":"center center","background-size":"auto","background-attachment":"scroll","background-type":"","background-media":"","overlay-type":"","overlay-color":"","overlay-opacity":"","overlay-gradient":""}},"footnotes":""},"class_list":["post-41","page","type-page","status-publish","hentry"],"acf":[],"uagb_featured_image_src":{"full":false,"thumbnail":false,"medium":false,"medium_large":false,"large":false,"1536x1536":false,"2048x2048":false,"trp-custom-language-flag":false,"tainacan-small":false,"tainacan-medium":false,"tainacan-medium-full":false,"tainacan-large-full":false},"uagb_author_info":{"display_name":"Africanet","author_link":"https:\/\/africanet-security.com\/en\/author\/africanet-prodefesagmail-com\/"},"uagb_comment_info":0,"uagb_excerpt":null,"_links":{"self":[{"href":"https:\/\/africanet-security.com\/en\/wp-json\/wp\/v2\/pages\/41","targetHints":{"allow":["GET"]}}],"collection":[{"href":"https:\/\/africanet-security.com\/en\/wp-json\/wp\/v2\/pages"}],"about":[{"href":"https:\/\/africanet-security.com\/en\/wp-json\/wp\/v2\/types\/page"}],"author":[{"embeddable":true,"href":"https:\/\/africanet-security.com\/en\/wp-json\/wp\/v2\/users\/1"}],"replies":[{"embeddable":true,"href":"https:\/\/africanet-security.com\/en\/wp-json\/wp\/v2\/comments?post=41"}],"version-history":[{"count":20,"href":"https:\/\/africanet-security.com\/en\/wp-json\/wp\/v2\/pages\/41\/revisions"}],"predecessor-version":[{"id":1336,"href":"https:\/\/africanet-security.com\/en\/wp-json\/wp\/v2\/pages\/41\/revisions\/1336"}],"wp:attachment":[{"href":"https:\/\/africanet-security.com\/en\/wp-json\/wp\/v2\/media?parent=41"}],"curies":[{"name":"wp","href":"https:\/\/api.w.org\/{rel}","templated":true}]}}