{"id":97,"date":"2025-03-24T07:16:07","date_gmt":"2025-03-24T07:16:07","guid":{"rendered":"https:\/\/bisque-sheep-635938.hostingersite.com\/?page_id=97"},"modified":"2026-02-18T14:16:56","modified_gmt":"2026-02-18T14:16:56","slug":"home","status":"publish","type":"page","link":"https:\/\/africanet-security.com\/en","title":{"rendered":"P\u00e1gina Principal"},"content":{"rendered":"<div data-elementor-type=\"wp-page\" data-elementor-id=\"97\" class=\"elementor elementor-97\" data-elementor-post-type=\"page\">\n\t\t\t\t<div class=\"elementor-element elementor-element-b915085 e-con-full e-flex e-con e-parent\" data-id=\"b915085\" data-element_type=\"container\" data-e-type=\"container\" data-settings=\"{&quot;background_background&quot;:&quot;classic&quot;}\">\n\t\t\t\t<div class=\"elementor-element elementor-element-16b66a0 elementor-invisible elementor-widget elementor-widget-heading\" data-id=\"16b66a0\" data-element_type=\"widget\" data-e-type=\"widget\" data-settings=\"{&quot;_animation&quot;:&quot;fadeIn&quot;}\" data-widget_type=\"heading.default\">\n\t\t\t\t<div class=\"elementor-widget-container\">\n\t\t\t\t\t<h1 class=\"elementor-heading-title elementor-size-default\">AFRICAN STUDIES NETWORK ON SECURITY AND DEFENCE<\/h1>\t\t\t\t<\/div>\n\t\t\t\t<\/div>\n\t\t\t\t<div class=\"elementor-element elementor-element-77b2219 elementor-widget__width-inherit elementor--h-position-center elementor--v-position-middle elementor-arrows-position-inside elementor-pagination-position-inside elementor-widget elementor-widget-slides\" data-id=\"77b2219\" data-element_type=\"widget\" data-e-type=\"widget\" data-settings=\"{&quot;transition&quot;:&quot;fade&quot;,&quot;navigation&quot;:&quot;both&quot;,&quot;autoplay&quot;:&quot;yes&quot;,&quot;pause_on_hover&quot;:&quot;yes&quot;,&quot;pause_on_interaction&quot;:&quot;yes&quot;,&quot;autoplay_speed&quot;:5000,&quot;infinite&quot;:&quot;yes&quot;,&quot;transition_speed&quot;:500}\" data-widget_type=\"slides.default\">\n\t\t\t\t<div class=\"elementor-widget-container\">\n\t\t\t\t\t\t\t\t\t<div class=\"elementor-swiper\">\n\t\t\t\t\t<div class=\"elementor-slides-wrapper elementor-main-swiper swiper\" role=\"region\" aria-roledescription=\"carousel\" aria-label=\"Slides\" dir=\"ltr\" data-animation=\"zoomIn\">\n\t\t\t\t<div class=\"swiper-wrapper elementor-slides\">\n\t\t\t\t\t\t\t\t\t\t<div class=\"elementor-repeater-item-c1080f0 swiper-slide\" role=\"group\" aria-roledescription=\"slide\"><div class=\"swiper-slide-bg\" role=\"img\" aria-label=\"AFRICANET-Banner Google Forms (2)\"><\/div><div class=\"swiper-slide-inner\" ><div class=\"swiper-slide-contents\"><\/div><\/div><\/div><div class=\"elementor-repeater-item-f7c0aea swiper-slide\" role=\"group\" aria-roledescription=\"slide\"><div class=\"swiper-slide-bg elementor-ken-burns elementor-ken-burns--in\" role=\"img\" aria-label=\"Gemini_Generated_Image_5voejz5voejz5voe\"><\/div><div class=\"elementor-background-overlay\"><\/div><a class=\"swiper-slide-inner\" href=\"https:\/\/africanet-security.com\/en\/eventos-e-seminarios\/\"><div class=\"swiper-slide-contents\"><\/div><\/a><\/div><div class=\"elementor-repeater-item-9761124 swiper-slide\" role=\"group\" aria-roledescription=\"slide\"><div class=\"swiper-slide-bg elementor-ken-burns elementor-ken-burns--in\" role=\"img\" aria-label=\"AFRICANET - (Banner para YouTube) (5)\"><\/div><div class=\"elementor-background-overlay\"><\/div><a class=\"swiper-slide-inner\" href=\"https:\/\/africanet-security.com\/en\/equipe\/\"><div class=\"swiper-slide-contents\"><\/div><\/a><\/div><div class=\"elementor-repeater-item-7dfc38d swiper-slide\" role=\"group\" aria-roledescription=\"slide\"><div class=\"swiper-slide-bg elementor-ken-burns elementor-ken-burns--in\" role=\"img\" aria-label=\"Gemini_Generated_Image_up0cxhup0cxhup0c\"><\/div><div class=\"elementor-background-overlay\"><\/div><a class=\"swiper-slide-inner\" href=\"https:\/\/africanet-security.com\/en\/eixos-de-pesquisa\/\"><div class=\"swiper-slide-contents\"><\/div><\/a><\/div>\t\t\t\t<\/div>\n\t\t\t\t\t\t\t\t\t\t\t\t\t\t\t<div class=\"elementor-swiper-button elementor-swiper-button-prev\" role=\"button\" tabindex=\"0\" aria-label=\"Slide anterior\">\n\t\t\t\t\t\t\t<svg aria-hidden=\"true\" class=\"e-font-icon-svg e-eicon-chevron-left\" viewbox=\"0 0 1000 1000\" xmlns=\"http:\/\/www.w3.org\/2000\/svg\"><path d=\"M646 125C629 125 613 133 604 142L308 442C296 454 292 471 292 487 292 504 296 521 308 533L604 854C617 867 629 875 646 875 663 875 679 871 692 858 704 846 713 829 713 812 713 796 708 779 692 767L438 487 692 225C700 217 708 204 708 187 708 171 704 154 692 142 675 129 663 125 646 125Z\"><\/path><\/svg>\t\t\t\t\t\t<\/div>\n\t\t\t\t\t\t<div class=\"elementor-swiper-button elementor-swiper-button-next\" role=\"button\" tabindex=\"0\" aria-label=\"Pr\u00f3ximo slide\">\n\t\t\t\t\t\t\t<svg aria-hidden=\"true\" class=\"e-font-icon-svg e-eicon-chevron-right\" viewbox=\"0 0 1000 1000\" xmlns=\"http:\/\/www.w3.org\/2000\/svg\"><path d=\"M696 533C708 521 713 504 713 487 713 471 708 454 696 446L400 146C388 133 375 125 354 125 338 125 325 129 313 142 300 154 292 171 292 187 292 204 296 221 308 233L563 492 304 771C292 783 288 800 288 817 288 833 296 850 308 863 321 871 338 875 354 875 371 875 388 867 400 854L696 533Z\"><\/path><\/svg>\t\t\t\t\t\t<\/div>\n\t\t\t\t\t\t\t\t\t\t\t\t\t\t\t\t<div class=\"swiper-pagination\"><\/div>\n\t\t\t\t\t\t\t\t\t\t\t\t<\/div>\n\t\t\t\t<\/div>\n\t\t\t\t\t\t\t\t<\/div>\n\t\t\t\t<\/div>\n\t\t\t\t<\/div>\n\t\t<div class=\"elementor-element elementor-element-cf316e2 e-flex e-con-boxed e-con e-parent\" data-id=\"cf316e2\" data-element_type=\"container\" data-e-type=\"container\">\n\t\t\t\t\t<div class=\"e-con-inner\">\n\t\t\t\t<div class=\"elementor-element elementor-element-af81213 elementor-align-right elementor-mobile-align-center elementor-widget elementor-widget-button\" data-id=\"af81213\" data-element_type=\"widget\" data-e-type=\"widget\" data-widget_type=\"button.default\">\n\t\t\t\t<div class=\"elementor-widget-container\">\n\t\t\t\t\t\t\t\t\t<div class=\"elementor-button-wrapper\">\n\t\t\t\t\t<a class=\"elementor-button elementor-button-link elementor-size-sm\" href=\"https:\/\/africanet-security.com\/en\/o-projeto\/\">\n\t\t\t\t\t\t<span class=\"elementor-button-content-wrapper\">\n\t\t\t\t\t\t\t\t\t<span class=\"elementor-button-text\">Learn more about the project<\/span>\n\t\t\t\t\t<\/span>\n\t\t\t\t\t<\/a>\n\t\t\t\t<\/div>\n\t\t\t\t\t\t\t\t<\/div>\n\t\t\t\t<\/div>\n\t\t\t\t\t<\/div>\n\t\t\t\t<\/div>\n\t\t<div class=\"elementor-element elementor-element-f468987 e-flex e-con-boxed e-con e-parent\" data-id=\"f468987\" data-element_type=\"container\" data-e-type=\"container\">\n\t\t\t\t\t<div class=\"e-con-inner\">\n\t\t\t\t<div class=\"elementor-element elementor-element-d7d346f elementor-widget elementor-widget-shortcode\" data-id=\"d7d346f\" data-element_type=\"widget\" data-e-type=\"widget\" data-widget_type=\"shortcode.default\">\n\t\t\t\t<div class=\"elementor-widget-container\">\n\t\t\t\t\t\t\t<div class=\"elementor-shortcode\">            <div class=\"destaque-completo-container\">\n                <article class=\"destaque-completo-card\">\n                                            <div class=\"destaque-completo-imagem\" style=\"background-image: url('https:\/\/africanet-security.com\/wp-content\/uploads\/2026\/03\/RBEA-qualis-A3-Rafaela-Serpa.jpeg');\"><\/div>\n                                        <div class=\"destaque-completo-conteudo-wrapper\">\n                        <h1 class=\"destaque-completo-titulo\">Excel\u00eancia em Estudos Africanos: RBEA\/UFRGS \u00e9 classificada como Qualis A3<\/h1>\n                        <div class=\"destaque-completo-texto\">\n                            <p>A Revista Brasileira de Estudos Africanos (RBEA) celebra a conquista da classifica\u00e7\u00e3o <b data-path-to-node=\"7\" data-index-in-node=\"86\">Qualis CAPES A3<\/b>. O novo estrato reconhece o rigor acad\u00eamico, a consist\u00eancia editorial e o crescente impacto cient\u00edfico do peri\u00f3dico no campo das Rela\u00e7\u00f5es Internacionais e dos Estudos Africanos.<\/p>\n<p>Vinculada ao <b data-path-to-node=\"8\" data-index-in-node=\"13\">Centro Brasileiro de Estudos Africanos (CEBRAFRICA\/UFRGS)<\/b>, a RBEA \u00e9 uma publica\u00e7\u00e3o semestral, digital e bil\u00edngue (portugu\u00eas e ingl\u00eas). O peri\u00f3dico consolidou-se como um espa\u00e7o fundamental para o debate sobre pol\u00edtica externa, seguran\u00e7a, defesa, sistemas pol\u00edticos e desenvolvimento econ\u00f4mico no continente africano, al\u00e9m de analisar a inser\u00e7\u00e3o geopol\u00edtica do Brasil e sua coopera\u00e7\u00e3o com as na\u00e7\u00f5es africanas.<\/p>\n<p><b data-path-to-node=\"9\" data-index-in-node=\"0\">Chamada para Submiss\u00f5es<\/b><\/p>\n<p><span style=\"font-size: 16px;\">Aproveitando este marco de excel\u00eancia, a RBEA informa que mant\u00e9m o fluxo de\u00a0<\/span><strong style=\"font-size: 16px;\">submiss\u00f5es\u00a0<\/strong><span style=\"font-size: 16px;\">aberto o ano todo.<\/span> Pesquisadores s\u00e3o convidados a enviar artigos cient\u00edficos originais ou de revis\u00e3o, em portugu\u00eas, ingl\u00eas ou espanhol.<\/p>\n<ul data-path-to-node=\"11\">\n<li><b data-path-to-node=\"11,0,0\" data-index-in-node=\"0\">Requisito:<\/b> A titula\u00e7\u00e3o m\u00ednima exigida \u00e9 a de doutor. No caso de coautoria, o doutor deve figurar como autor principal.<\/li>\n<li><b data-path-to-node=\"11,1,0\" data-index-in-node=\"0\">Normas:<\/b> Os trabalhos devem seguir as Diretrizes para Autores dispon\u00edveis no portal da revista.<\/li>\n<\/ul>\n<p><b data-path-to-node=\"12\" data-index-in-node=\"0\">Servi\u00e7o:<\/b><\/p>\n<ul data-path-to-node=\"13\">\n<li><b data-path-to-node=\"13,0,0\" data-index-in-node=\"0\">Submiss\u00f5es e informa\u00e7\u00f5es:<\/b> <a class=\"ng-star-inserted\" href=\"https:\/\/seer.ufrgs.br\/rbea\/\" target=\"_blank\" rel=\"noopener\" data-hveid=\"0\" data-ved=\"0CAAQ_4QMahcKEwjZ_qji9raTAxUAAAAAHQAAAAAQKA\">seer.ufrgs.br\/rbea\/<\/a><\/li>\n<li><b data-path-to-node=\"13,1,0\" data-index-in-node=\"0\">Contato:<\/b> rbea.fce@ufrgs.br<\/li>\n<\/ul>\n<p>&nbsp;<\/p>\n<p>Texto: Dra. Rafaela Pinto Serpa<\/p>\n<p>Revis\u00e3o: Mnda. Eduarda Magagnin De Conto<\/p>\n                        <\/div>\n                    <\/div>\n                <\/article>\n            <\/div>\n            <\/div>\n\t\t\t\t\t\t<\/div>\n\t\t\t\t<\/div>\n\t\t\t\t\t<\/div>\n\t\t\t\t<\/div>\n\t\t<div class=\"elementor-element elementor-element-fa598e6 e-flex e-con-boxed e-con e-parent\" data-id=\"fa598e6\" data-element_type=\"container\" data-e-type=\"container\">\n\t\t\t\t\t<div class=\"e-con-inner\">\n\t\t\t\t<div class=\"elementor-element elementor-element-12a1ff6 elementor-widget elementor-widget-shortcode\" data-id=\"12a1ff6\" data-element_type=\"widget\" data-e-type=\"widget\" data-widget_type=\"shortcode.default\">\n\t\t\t\t<div class=\"elementor-widget-container\">\n\t\t\t\t\t\t\t<div class=\"elementor-shortcode\">        <div class=\"carrossel-container\">\n                            <h2 class=\"titulo-secao\">Lastest Activities<\/h2>\n            \n            <div class=\"swiper swiper-africanet\">\n                <div class=\"swiper-wrapper\">\n                                            <div class=\"swiper-slide\">\n                            <div class=\"carrossel-card\">\n                                <div class=\"card-imagem-container\">\n                                    <div class=\"card-categoria\"><a href=\"https:\/\/africanet-security.com\/en\/tipo-publicacao\/noticia\/\" rel=\"tag\">Not\u00edcia<\/a><\/div>\n                                    <a href=\"https:\/\/africanet-security.com\/en\/publicacao\/excelencia-em-estudos-africanos-rbea-ufrgs-e-classificada-como-qualis-a3\/\">\n                                        <div class=\"card-imagem\" style=\"background-image: url('https:\/\/africanet-security.com\/wp-content\/uploads\/2026\/03\/RBEA-qualis-A3-Rafaela-Serpa-768x768.jpeg');\"><\/div>\n                                    <\/a>\n                                <\/div>\n                                <div class=\"card-conteudo\">\n                                    <h3 class=\"card-titulo\">\n                                        <a href=\"https:\/\/africanet-security.com\/en\/publicacao\/excelencia-em-estudos-africanos-rbea-ufrgs-e-classificada-como-qualis-a3\/\">Excel\u00eancia em Estudos Africanos: RBEA\/UFRGS \u00e9 classificada como Qualis A3<\/a>\n                                    <\/h3>\n                                    <div class=\"card-meta\">\n                                        <span>03\/23\/2026<\/span>\n                                    <\/div>\n                                <\/div>\n                            <\/div>\n                        <\/div>\n                                                <div class=\"swiper-slide\">\n                            <div class=\"carrossel-card\">\n                                <div class=\"card-imagem-container\">\n                                    <div class=\"card-categoria\"><a href=\"https:\/\/africanet-security.com\/en\/tipo-publicacao\/evento\/\" rel=\"tag\">Evento<\/a><\/div>\n                                    <a href=\"https:\/\/africanet-security.com\/en\/publicacao\/ii-seminario-internacional-seguranca-e-defesa-na-africa\/\">\n                                        <div class=\"card-imagem\" style=\"background-image: url('https:\/\/africanet-security.com\/wp-content\/uploads\/2026\/03\/Versao-final-768x768.png');\"><\/div>\n                                    <\/a>\n                                <\/div>\n                                <div class=\"card-conteudo\">\n                                    <h3 class=\"card-titulo\">\n                                        <a href=\"https:\/\/africanet-security.com\/en\/publicacao\/ii-seminario-internacional-seguranca-e-defesa-na-africa\/\">II Semin\u00e1rio Internacional Seguran\u00e7a e Defesa na \u00c1frica<\/a>\n                                    <\/h3>\n                                    <div class=\"card-meta\">\n                                        <span>03\/09\/2026<\/span>\n                                    <\/div>\n                                <\/div>\n                            <\/div>\n                        <\/div>\n                                                <div class=\"swiper-slide\">\n                            <div class=\"carrossel-card\">\n                                <div class=\"card-imagem-container\">\n                                    <div class=\"card-categoria\"><a href=\"https:\/\/africanet-security.com\/en\/tipo-publicacao\/livro\/\" rel=\"tag\">Book<\/a><\/div>\n                                    <a href=\"https:\/\/africanet-security.com\/en\/publicacao\/livro-amazonia-descortinada-nas-relacoes-internacionais\/\">\n                                        <div class=\"card-imagem\" style=\"background-image: url('https:\/\/africanet-security.com\/wp-content\/uploads\/2026\/02\/Captura-de-tela-2026-02-25-175811.jpg');\"><\/div>\n                                    <\/a>\n                                <\/div>\n                                <div class=\"card-conteudo\">\n                                    <h3 class=\"card-titulo\">\n                                        <a href=\"https:\/\/africanet-security.com\/en\/publicacao\/livro-amazonia-descortinada-nas-relacoes-internacionais\/\">Livro: Amaz\u00f4nia: Descortinada nas Rela\u00e7\u00f5es Internacionais<\/a>\n                                    <\/h3>\n                                    <div class=\"card-meta\">\n                                        <span>02\/25\/2026<\/span>\n                                    <\/div>\n                                <\/div>\n                            <\/div>\n                        <\/div>\n                                                <div class=\"swiper-slide\">\n                            <div class=\"carrossel-card\">\n                                <div class=\"card-imagem-container\">\n                                    <div class=\"card-categoria\"><a href=\"https:\/\/africanet-security.com\/en\/tipo-publicacao\/livro\/\" rel=\"tag\">Book<\/a><\/div>\n                                    <a href=\"https:\/\/africanet-security.com\/en\/publicacao\/livro-corrupcao-uma-imersao-epistemologica\/\">\n                                        <div class=\"card-imagem\" style=\"background-image: url('https:\/\/africanet-security.com\/wp-content\/uploads\/2026\/02\/Captura-de-tela-2026-02-25-175529.jpg');\"><\/div>\n                                    <\/a>\n                                <\/div>\n                                <div class=\"card-conteudo\">\n                                    <h3 class=\"card-titulo\">\n                                        <a href=\"https:\/\/africanet-security.com\/en\/publicacao\/livro-corrupcao-uma-imersao-epistemologica\/\">Livro: Corrup\u00e7\u00e3o: Uma Imers\u00e3o Epistemol\u00f3gica<\/a>\n                                    <\/h3>\n                                    <div class=\"card-meta\">\n                                        <span>02\/25\/2026<\/span>\n                                    <\/div>\n                                <\/div>\n                            <\/div>\n                        <\/div>\n                                                <div class=\"swiper-slide\">\n                            <div class=\"carrossel-card\">\n                                <div class=\"card-imagem-container\">\n                                    <div class=\"card-categoria\"><a href=\"https:\/\/africanet-security.com\/en\/tipo-publicacao\/livro\/\" rel=\"tag\">Book<\/a><\/div>\n                                    <a href=\"https:\/\/africanet-security.com\/en\/publicacao\/livro-geopolitica-da-seguranca-internacional-a-otica-regional-da-america-do-sul\/\">\n                                        <div class=\"card-imagem\" style=\"background-image: url('https:\/\/africanet-security.com\/wp-content\/uploads\/2026\/02\/Captura-de-tela-2026-02-25-163150.jpg');\"><\/div>\n                                    <\/a>\n                                <\/div>\n                                <div class=\"card-conteudo\">\n                                    <h3 class=\"card-titulo\">\n                                        <a href=\"https:\/\/africanet-security.com\/en\/publicacao\/livro-geopolitica-da-seguranca-internacional-a-otica-regional-da-america-do-sul\/\">Livro: Geopol\u00edtica da Seguran\u00e7a Internacional: A \u00d3tica Regional da Am\u00e9rica do Sul<\/a>\n                                    <\/h3>\n                                    <div class=\"card-meta\">\n                                        <span>02\/25\/2026<\/span>\n                                    <\/div>\n                                <\/div>\n                            <\/div>\n                        <\/div>\n                                        <\/div>\n                <div class=\"swiper-pagination\"><\/div>\n                <div class=\"swiper-button-prev\"><\/div>\n                <div class=\"swiper-button-next\"><\/div>\n            <\/div>\n        <\/div>\n        <\/div>\n\t\t\t\t\t\t<\/div>\n\t\t\t\t<\/div>\n\t\t\t\t\t<\/div>\n\t\t\t\t<\/div>\n\t\t<div class=\"elementor-element elementor-element-9071009 e-con-full e-flex e-con e-parent\" data-id=\"9071009\" data-element_type=\"container\" data-e-type=\"container\">\n\t\t\t\t<div class=\"elementor-element elementor-element-5f5f48f elementor-invisible elementor-widget elementor-widget-heading\" data-id=\"5f5f48f\" data-element_type=\"widget\" data-e-type=\"widget\" data-settings=\"{&quot;_animation&quot;:&quot;fadeIn&quot;}\" data-widget_type=\"heading.default\">\n\t\t\t\t<div class=\"elementor-widget-container\">\n\t\t\t\t\t<h1 class=\"elementor-heading-title elementor-size-default\">THE PROJECT<\/h1>\t\t\t\t<\/div>\n\t\t\t\t<\/div>\n\t\t<div class=\"elementor-element elementor-element-e146805 e-grid e-con-boxed e-con e-child\" data-id=\"e146805\" data-element_type=\"container\" data-e-type=\"container\">\n\t\t\t\t\t<div class=\"e-con-inner\">\n\t\t\t\t<div class=\"elementor-element elementor-element-453e4d9 elementor-invisible elementor-widget elementor-widget-text-editor\" data-id=\"453e4d9\" data-element_type=\"widget\" data-e-type=\"widget\" data-settings=\"{&quot;_animation&quot;:&quot;fadeInLeft&quot;}\" data-widget_type=\"text-editor.default\">\n\t\t\t\t<div class=\"elementor-widget-container\">\n\t\t\t\t\t\t\t\t\t<h2><span style=\"color: #000000;\"><span class=\"citation-49 citation-end-49\">Funded by the Brazilian Programme Pr\u00f3-Defesa V (CAPES\/MD), this original research project investigates African security and defence policies and their implications for Brazil<\/span>. <span class=\"citation-48 citation-end-48\">Spanning 60 months (2024-2029), the initiative brings together Brazilian civilian and military institutions and international partners, aiming to strengthen human resource development and consolidate the African Studies Network on Security and Defence - Africanet<\/span>.<\/span><\/h2>\t\t\t\t\t\t\t\t<\/div>\n\t\t\t\t<\/div>\n\t\t\t\t<div class=\"elementor-element elementor-element-cabce90 elementor-invisible elementor-widget elementor-widget-image\" data-id=\"cabce90\" data-element_type=\"widget\" data-e-type=\"widget\" data-settings=\"{&quot;_animation&quot;:&quot;fadeInRight&quot;}\" data-widget_type=\"image.default\">\n\t\t\t\t<div class=\"elementor-widget-container\">\n\t\t\t\t\t\t\t\t\t\t\t\t\t\t\t<img fetchpriority=\"high\" decoding=\"async\" width=\"584\" height=\"766\" src=\"https:\/\/africanet-security.com\/wp-content\/uploads\/2025\/09\/001.png\" class=\"attachment-full size-full wp-image-1356\" alt=\"\" srcset=\"https:\/\/africanet-security.com\/wp-content\/uploads\/2025\/09\/001.png 584w, https:\/\/africanet-security.com\/wp-content\/uploads\/2025\/09\/001-229x300.png 229w, https:\/\/africanet-security.com\/wp-content\/uploads\/2025\/09\/001-205x269.png 205w, https:\/\/africanet-security.com\/wp-content\/uploads\/2025\/09\/001-480x630.png 480w\" sizes=\"(max-width: 584px) 100vw, 584px\" \/>\t\t\t\t\t\t\t\t\t\t\t\t\t\t\t<\/div>\n\t\t\t\t<\/div>\n\t\t\t\t\t<\/div>\n\t\t\t\t<\/div>\n\t\t\t\t<\/div>\n\t\t\t\t<\/div>","protected":false},"excerpt":{"rendered":"<p>REDE DE ESTUDOS AFRICANOS EM SEGURAN\u00c7A E DEFESA Saiba mais sobre o projeto O PROJETO Financiado pelo Pr\u00f3-Defesa V (CAPES\/MD), [&hellip;]<\/p>\n","protected":false},"author":1,"featured_media":0,"parent":0,"menu_order":0,"comment_status":"closed","ping_status":"closed","template":"","meta":{"_acf_changed":false,"_uag_custom_page_level_css":"","site-sidebar-layout":"default","site-content-layout":"","ast-site-content-layout":"default","site-content-style":"default","site-sidebar-style":"default","ast-global-header-display":"","ast-banner-title-visibility":"","ast-main-header-display":"","ast-hfb-above-header-display":"","ast-hfb-below-header-display":"","ast-hfb-mobile-header-display":"","site-post-title":"disabled","ast-breadcrumbs-content":"","ast-featured-img":"","footer-sml-layout":"","theme-transparent-header-meta":"default","adv-header-id-meta":"","stick-header-meta":"","header-above-stick-meta":"","header-main-stick-meta":"","header-below-stick-meta":"","astra-migrate-meta-layouts":"set","ast-page-background-enabled":"default","ast-page-background-meta":{"desktop":{"background-color":"var(--ast-global-color-5)","background-image":"","background-repeat":"repeat","background-position":"center center","background-size":"auto","background-attachment":"scroll","background-type":"","background-media":"","overlay-type":"","overlay-color":"","overlay-opacity":"","overlay-gradient":""},"tablet":{"background-color":"","background-image":"","background-repeat":"repeat","background-position":"center center","background-size":"auto","background-attachment":"scroll","background-type":"","background-media":"","overlay-type":"","overlay-color":"","overlay-opacity":"","overlay-gradient":""},"mobile":{"background-color":"","background-image":"","background-repeat":"repeat","background-position":"center center","background-size":"auto","background-attachment":"scroll","background-type":"","background-media":"","overlay-type":"","overlay-color":"","overlay-opacity":"","overlay-gradient":""}},"ast-content-background-meta":{"desktop":{"background-color":"var(--ast-global-color-4)","background-image":"","background-repeat":"repeat","background-position":"center center","background-size":"auto","background-attachment":"scroll","background-type":"","background-media":"","overlay-type":"","overlay-color":"","overlay-opacity":"","overlay-gradient":""},"tablet":{"background-color":"var(--ast-global-color-4)","background-image":"","background-repeat":"repeat","background-position":"center center","background-size":"auto","background-attachment":"scroll","background-type":"","background-media":"","overlay-type":"","overlay-color":"","overlay-opacity":"","overlay-gradient":""},"mobile":{"background-color":"var(--ast-global-color-4)","background-image":"","background-repeat":"repeat","background-position":"center center","background-size":"auto","background-attachment":"scroll","background-type":"","background-media":"","overlay-type":"","overlay-color":"","overlay-opacity":"","overlay-gradient":""}},"footnotes":""},"class_list":["post-97","page","type-page","status-publish","hentry"],"acf":[],"uagb_featured_image_src":{"full":false,"thumbnail":false,"medium":false,"medium_large":false,"large":false,"1536x1536":false,"2048x2048":false,"trp-custom-language-flag":false,"tainacan-small":false,"tainacan-medium":false,"tainacan-medium-full":false,"tainacan-large-full":false},"uagb_author_info":{"display_name":"Africanet","author_link":"https:\/\/africanet-security.com\/en\/author\/africanet-prodefesagmail-com\/"},"uagb_comment_info":0,"uagb_excerpt":"REDE DE ESTUDOS AFRICANOS EM SEGURAN\u00c7A E DEFESA Saiba mais sobre o projeto O PROJETO Financiado pelo Pr\u00f3-Defesa V (CAPES\/MD), [&hellip;]","_links":{"self":[{"href":"https:\/\/africanet-security.com\/en\/wp-json\/wp\/v2\/pages\/97","targetHints":{"allow":["GET"]}}],"collection":[{"href":"https:\/\/africanet-security.com\/en\/wp-json\/wp\/v2\/pages"}],"about":[{"href":"https:\/\/africanet-security.com\/en\/wp-json\/wp\/v2\/types\/page"}],"author":[{"embeddable":true,"href":"https:\/\/africanet-security.com\/en\/wp-json\/wp\/v2\/users\/1"}],"replies":[{"embeddable":true,"href":"https:\/\/africanet-security.com\/en\/wp-json\/wp\/v2\/comments?post=97"}],"version-history":[{"count":104,"href":"https:\/\/africanet-security.com\/en\/wp-json\/wp\/v2\/pages\/97\/revisions"}],"predecessor-version":[{"id":2014,"href":"https:\/\/africanet-security.com\/en\/wp-json\/wp\/v2\/pages\/97\/revisions\/2014"}],"wp:attachment":[{"href":"https:\/\/africanet-security.com\/en\/wp-json\/wp\/v2\/media?parent=97"}],"curies":[{"name":"wp","href":"https:\/\/api.w.org\/{rel}","templated":true}]}}